{"id":15091,"date":"2023-12-05T09:11:50","date_gmt":"2023-12-05T09:11:50","guid":{"rendered":"https:\/\/eduma.thimpress.com\/university\/?page_id=15091"},"modified":"2025-05-25T09:47:57","modified_gmt":"2025-05-25T09:47:57","slug":"about","status":"publish","type":"page","link":"https:\/\/www.aemontemor.pt\/en\/about\/","title":{"rendered":"History"},"content":{"rendered":"<div data-elementor-type=\"wp-page\" data-elementor-id=\"15091\" class=\"elementor elementor-15091\">\n\t\t\t\t<div class=\"elementor-element elementor-element-ec062ef e-flex e-con-boxed e-con e-parent\" data-id=\"ec062ef\" data-element_type=\"container\" data-e-type=\"container\" data-settings=\"{&quot;background_background&quot;:&quot;classic&quot;}\">\n\t\t\t\t\t<div class=\"e-con-inner\">\n\t\t\t\t<div class=\"elementor-element elementor-element-0418f7a elementor-widget__width-initial elementor-absolute elementor-widget elementor-widget-text-editor\" data-id=\"0418f7a\" data-element_type=\"widget\" data-e-type=\"widget\" data-settings=\"{&quot;_position&quot;:&quot;absolute&quot;}\" data-widget_type=\"text-editor.default\">\n\t\t\t\t<div class=\"elementor-widget-container\">\n\t\t\t\t\t\t\t\t\t<p>The history of the Montemor-o-Velho School Group is inseparable from the educational history of the municipality itself. With deep roots in local communities and the journeys of thousands of students, the Group is the result of a process of continuous evolution, joint growth, and commitment to quality public education.<\/p>\t\t\t\t\t\t\t\t<\/div>\n\t\t\t\t<\/div>\n\t\t\t\t\t<\/div>\n\t\t\t\t<\/div>\n\t\t\t\t<section class=\"elementor-section elementor-top-section elementor-element elementor-element-11d77694 elementor-section-stretched elementor-section-boxed elementor-section-height-default elementor-section-height-default\" data-id=\"11d77694\" data-element_type=\"section\" data-e-type=\"section\" data-settings=\"{&quot;stretch_section&quot;:&quot;section-stretched&quot;}\">\n\t\t\t\t\t\t<div class=\"elementor-container elementor-column-gap-no\">\n\t\t\t\t\t<div class=\"elementor-column elementor-col-100 elementor-top-column elementor-element elementor-element-30c45465\" data-id=\"30c45465\" data-element_type=\"column\" data-e-type=\"column\">\n\t\t\t<div class=\"elementor-widget-wrap elementor-element-populated\">\n\t\t\t\t\t\t<div class=\"elementor-element elementor-element-87149e7 elementor-widget elementor-widget-text-editor\" data-id=\"87149e7\" data-element_type=\"widget\" data-e-type=\"widget\" data-widget_type=\"text-editor.default\">\n\t\t\t\t<div class=\"elementor-widget-container\">\n\t\t\t\t\t\t\t\t\t<h4 data-start=\"728\" data-end=\"781\">From Separate Schools to the Spirit of Grouping<\/h4><p data-start=\"783\" data-end=\"1110\">Before the creation of the school cluster, education in the municipality was provided by several primary schools (1st cycle), kindergartens, and the Montemor-o-Velho Secondary School. Each fulfilled its role, but the dispersion of structures hindered pedagogical coordination and the integrated management of human and material resources.<\/p><p data-start=\"1112\" data-end=\"1449\">It was in the early 2000s, within the context of a national reorganization of the school network, that the opportunity arose to join forces, build bridges, and create a common identity. Thus, in 2004, the Montemor-o-Velho Vertical School Group was born, initially with a central core and several schools in the municipality associated with it.<\/p><h4 data-start=\"1451\" data-end=\"1484\">An Identity Under Construction<\/h4><p data-start=\"1486\" data-end=\"1824\">Throughout its first decade, the school cluster grew not only in the number of students and schools, but also in organizational maturity. The headquarters, located in the Secondary School, began to house pedagogical and administrative coordination structures, allowing for greater cohesion and continuity across the different educational cycles.<\/p><p data-start=\"1826\" data-end=\"2214\">In 2012, following the national policy of school aggregations, the school cluster also incorporated the Pereira Basic and Secondary School, expanding its area of operation and becoming even more representative of the municipality&#039;s diversity. This merger required collaborative work, adaptability, and reinforced the cluster&#039;s mission as a plural and inclusive space.<\/p>\t\t\t\t\t\t\t\t<\/div>\n\t\t\t\t<\/div>\n\t\t\t\t\t<\/div>\n\t\t<\/div>\n\t\t\t\t\t<\/div>\n\t\t<\/section>\n\t\t\t\t<section class=\"elementor-section elementor-top-section elementor-element elementor-element-36e7eef5 elementor-section-stretched elementor-section-boxed elementor-section-height-default elementor-section-height-default\" data-id=\"36e7eef5\" data-element_type=\"section\" data-e-type=\"section\" data-settings=\"{&quot;stretch_section&quot;:&quot;section-stretched&quot;,&quot;background_background&quot;:&quot;classic&quot;}\">\n\t\t\t\t\t\t<div class=\"elementor-container elementor-column-gap-custom\">\n\t\t\t\t\t<div class=\"elementor-column elementor-col-50 elementor-top-column elementor-element elementor-element-21a08cbc\" data-id=\"21a08cbc\" data-element_type=\"column\" data-e-type=\"column\">\n\t\t\t<div class=\"elementor-widget-wrap elementor-element-populated\">\n\t\t\t\t\t\t<div class=\"elementor-element elementor-element-a2bfc2e elementor-widget elementor-widget-image\" data-id=\"a2bfc2e\" data-element_type=\"widget\" data-e-type=\"widget\" data-widget_type=\"image.default\">\n\t\t\t\t<div class=\"elementor-widget-container\">\n\t\t\t\t\t\t\t\t\t\t\t\t\t\t\t<img fetchpriority=\"high\" decoding=\"async\" width=\"630\" height=\"411\" src=\"https:\/\/www.aemontemor.pt\/wp-content\/uploads\/2025\/05\/IMG_Escola_02.jpg\" class=\"attachment-full size-full wp-image-15712\" alt=\"\" srcset=\"https:\/\/www.aemontemor.pt\/wp-content\/uploads\/2025\/05\/IMG_Escola_02.jpg 630w, https:\/\/www.aemontemor.pt\/wp-content\/uploads\/2025\/05\/IMG_Escola_02-300x196.jpg 300w, https:\/\/www.aemontemor.pt\/wp-content\/uploads\/2025\/05\/IMG_Escola_02-600x391.jpg 600w\" sizes=\"(max-width: 630px) 100vw, 630px\" \/>\t\t\t\t\t\t\t\t\t\t\t\t\t\t\t<\/div>\n\t\t\t\t<\/div>\n\t\t\t\t\t<\/div>\n\t\t<\/div>\n\t\t\t\t<div class=\"elementor-column elementor-col-50 elementor-top-column elementor-element elementor-element-05add91\" data-id=\"05add91\" data-element_type=\"column\" data-e-type=\"column\">\n\t\t\t<div class=\"elementor-widget-wrap elementor-element-populated\">\n\t\t\t\t\t\t<div class=\"elementor-element elementor-element-951988a elementor-widget thim-ekits-heading elementor-widget-thim-heading\" data-id=\"951988a\" data-element_type=\"widget\" data-e-type=\"widget\" data-widget_type=\"thim-heading.default\">\n\t\t\t\t<div class=\"elementor-widget-container\">\n\t\t\t\t\t<div class=\"sc_heading\"><h2 class=\"title\">An Educational Community with Memory and a Future <\/h2><div class=\"sub-heading\"><p>Today, the Montemor-o-Velho School Group consists of educational establishments ranging from pre-school to secondary education, distributed across various parishes in the municipality. More than just a collection of schools, we are a community united by shared values: respect, equity, responsibility, and innovation.<\/p>\n<p>Our journey is made up of many stories \u2014 of students who have passed through here and left their mark, of teachers and staff who have dedicated decades to education, of families who have trusted us generation after generation. Our history is not only written in minutes and dates: it lives in the hallways, in the classrooms, in the playgrounds, and in the memories of all who are part of this institution.<\/p>\n<\/div><\/div>\t\t\t\t<\/div>\n\t\t\t\t<\/div>\n\t\t\t\t\t<\/div>\n\t\t<\/div>\n\t\t\t\t\t<\/div>\n\t\t<\/section>\n\t\t<div class=\"elementor-element elementor-element-06e0fcd e-flex e-con-boxed e-con e-parent\" data-id=\"06e0fcd\" data-element_type=\"container\" data-e-type=\"container\">\n\t\t\t\t\t<div class=\"e-con-inner\">\n\t\t<div class=\"elementor-element elementor-element-0dea1de e-con-full e-flex e-con e-child\" data-id=\"0dea1de\" data-element_type=\"container\" data-e-type=\"container\">\n\t\t\t\t<div class=\"elementor-element elementor-element-ca2875a elementor-widget thim-ekits-heading elementor-widget-thim-heading\" data-id=\"ca2875a\" data-element_type=\"widget\" data-e-type=\"widget\" data-widget_type=\"thim-heading.default\">\n\t\t\t\t<div class=\"elementor-widget-container\">\n\t\t\t\t\t<div class=\"sc_heading\"><h2 class=\"title\">Key Moments <\/h2><div class=\"sub-heading\"><p>2004 \u2013 Formal establishment of the Montemor-o-Velho Vertical School Group<\/p>\n<p>2006 \u2013 Expansion of the network of integrated schools<\/p>\n<p>2012 \u2013 Integration of the Pereira Basic and Secondary School<\/p>\n<p>2015\u20132020 \u2013 Consolidation of training programs and strengthening of the articulation between cycles<\/p>\n<p>Present \u2013 Educational continuity, proximity to the community and a commitment to quality.<\/p>\n<\/div><\/div>\t\t\t\t<\/div>\n\t\t\t\t<\/div>\n\t\t\t\t<\/div>\n\t\t<div class=\"elementor-element elementor-element-787542e e-con-full e-flex e-con e-child\" data-id=\"787542e\" data-element_type=\"container\" data-e-type=\"container\">\n\t\t\t\t<div class=\"elementor-element elementor-element-ac5da17 elementor-widget elementor-widget-image\" data-id=\"ac5da17\" data-element_type=\"widget\" data-e-type=\"widget\" data-widget_type=\"image.default\">\n\t\t\t\t<div class=\"elementor-widget-container\">\n\t\t\t\t\t\t\t\t\t\t\t\t\t\t\t<img decoding=\"async\" width=\"630\" height=\"411\" src=\"https:\/\/www.aemontemor.pt\/wp-content\/uploads\/2025\/05\/IMG_Escola_03.jpg\" class=\"attachment-full size-full wp-image-15721\" alt=\"\" srcset=\"https:\/\/www.aemontemor.pt\/wp-content\/uploads\/2025\/05\/IMG_Escola_03.jpg 630w, https:\/\/www.aemontemor.pt\/wp-content\/uploads\/2025\/05\/IMG_Escola_03-300x196.jpg 300w, https:\/\/www.aemontemor.pt\/wp-content\/uploads\/2025\/05\/IMG_Escola_03-600x391.jpg 600w\" sizes=\"(max-width: 630px) 100vw, 630px\" \/>\t\t\t\t\t\t\t\t\t\t\t\t\t\t\t<\/div>\n\t\t\t\t<\/div>\n\t\t\t\t<\/div>\n\t\t\t\t\t<\/div>\n\t\t\t\t<\/div>\n\t\t<div class=\"elementor-element elementor-element-4d5c7f0 elementor-hidden-desktop elementor-hidden-tablet elementor-hidden-mobile_extra elementor-hidden-mobile e-flex e-con-boxed e-con e-parent\" data-id=\"4d5c7f0\" data-element_type=\"container\" data-e-type=\"container\">\n\t\t\t\t\t<div class=\"e-con-inner\">\n\t\t<div class=\"elementor-element elementor-element-d36eaff e-con-full e-flex e-con e-child\" data-id=\"d36eaff\" data-element_type=\"container\" data-e-type=\"container\">\n\t\t\t\t<div class=\"elementor-element elementor-element-7e8f81a iconbox--tablettext-center iconbox-text-left elementor-widget elementor-widget-thim-icon-box\" data-id=\"7e8f81a\" data-element_type=\"widget\" data-e-type=\"widget\" data-widget_type=\"thim-icon-box.default\">\n\t\t\t\t<div class=\"elementor-widget-container\">\n\t\t\t\t\t<div class=\"thim-widget-icon-box\"><div class=\"wrapper-box-icon has_custom_image text-left\"><div class=\"smicon-box iconbox-top\"><div class=\"boxes-icon\"><a class=\"icon-box-link\" href=\"#\" target=\"_blank\"><span class=\"inner-icon\"><span class=\"icon icon-images\"><img decoding=\"async\" src=\"https:\/\/www.aemontemor.pt\/wp-content\/uploads\/2023\/12\/about-box1.jpg\" alt=\"about-box1\"  width=\"630\" height=\"410\"><\/span><\/span><\/a><\/div><div class=\"content-inner\"><div class=\"sc-heading\"><h2 class=\"heading__primary\"><a class=\"icon-box-link\" href=\"#\" target=\"_blank\">Our mission<\/a><\/h2><\/div><div class=\"desc-icon-box\"><div class=\"desc-content\">To create, preserve, communicate and apply knowledge, contributing to the cultural, social and economic well-being of the people of Manitoba, Canada and the world.<\/div><a class=\"smicon-read sc-btn\" href=\"#\" target=\"_blank\">read more <i class=\"edu-chevron-right\"><\/i><\/a><\/div><\/div><\/div><\/div><\/div>\t\t\t\t<\/div>\n\t\t\t\t<\/div>\n\t\t\t\t<\/div>\n\t\t<div class=\"elementor-element elementor-element-4b0ca73 e-con-full e-flex e-con e-child\" data-id=\"4b0ca73\" data-element_type=\"container\" data-e-type=\"container\">\n\t\t\t\t<div class=\"elementor-element elementor-element-e61a7c3 iconbox--tablettext-center iconbox-text-left elementor-widget elementor-widget-thim-icon-box\" data-id=\"e61a7c3\" data-element_type=\"widget\" data-e-type=\"widget\" data-widget_type=\"thim-icon-box.default\">\n\t\t\t\t<div class=\"elementor-widget-container\">\n\t\t\t\t\t<div class=\"thim-widget-icon-box\"><div class=\"wrapper-box-icon has_custom_image text-left\"><div class=\"smicon-box iconbox-top\"><div class=\"boxes-icon\"><a class=\"icon-box-link\" href=\"#\" target=\"_blank\"><span class=\"inner-icon\"><span class=\"icon icon-images\"><img loading=\"lazy\" decoding=\"async\" src=\"https:\/\/www.aemontemor.pt\/wp-content\/uploads\/2023\/12\/about-box3.jpg\" alt=\"about-box3\"  width=\"630\" height=\"410\"><\/span><\/span><\/a><\/div><div class=\"content-inner\"><div class=\"sc-heading\"><h3 class=\"heading__primary\"><a class=\"icon-box-link\" href=\"#\" target=\"_blank\">Our Vision<\/a><\/h3><\/div><div class=\"desc-icon-box\"><div class=\"desc-content\">To take our place among leading universities through a commitment to transformative research and scholarship, and to innovative teaching and learning - uniquely strengthened by Indigenous knowledge and perspectives.<\/div><a class=\"smicon-read sc-btn\" href=\"#\" target=\"_blank\">read more <i class=\"edu-chevron-right\"><\/i><\/a><\/div><\/div><\/div><\/div><\/div>\t\t\t\t<\/div>\n\t\t\t\t<\/div>\n\t\t\t\t<\/div>\n\t\t<div class=\"elementor-element elementor-element-c20e90b e-con-full e-flex e-con e-child\" data-id=\"c20e90b\" data-element_type=\"container\" data-e-type=\"container\">\n\t\t\t\t<div class=\"elementor-element elementor-element-a72d930 iconbox--tablettext-center iconbox-text-left elementor-widget elementor-widget-thim-icon-box\" data-id=\"a72d930\" data-element_type=\"widget\" data-e-type=\"widget\" data-widget_type=\"thim-icon-box.default\">\n\t\t\t\t<div class=\"elementor-widget-container\">\n\t\t\t\t\t<div class=\"thim-widget-icon-box\"><div class=\"wrapper-box-icon has_custom_image text-left\"><div class=\"smicon-box iconbox-top\"><div class=\"boxes-icon\"><a class=\"icon-box-link\" href=\"#\" target=\"_blank\"><span class=\"inner-icon\"><span class=\"icon icon-images\"><img loading=\"lazy\" decoding=\"async\" src=\"https:\/\/www.aemontemor.pt\/wp-content\/uploads\/2023\/12\/about-box2.jpg\" alt=\"about-box2\"  width=\"630\" height=\"410\"><\/span><\/span><\/a><\/div><div class=\"content-inner\"><div class=\"sc-heading\"><h3 class=\"heading__primary\"><a class=\"icon-box-link\" href=\"#\" target=\"_blank\">Campuses<\/a><\/h3><\/div><div class=\"desc-icon-box\"><div class=\"desc-content\">Our vibrant campuses boast world-class facilities, architecturally designed buildings and beautiful grounds. Enjoy learning and socializing in inspiring and supportive environments.<\/div><a class=\"smicon-read sc-btn\" href=\"#\" target=\"_blank\">read more <i class=\"edu-chevron-right\"><\/i><\/a><\/div><\/div><\/div><\/div><\/div>\t\t\t\t<\/div>\n\t\t\t\t<\/div>\n\t\t\t\t<\/div>\n\t\t\t\t\t<\/div>\n\t\t\t\t<\/div>\n\t\t\t\t<\/div>","protected":false},"excerpt":{"rendered":"<p>A hist\u00f3ria do Agrupamento de Escolas de Montemor-o-Velho \u00e9 insepar\u00e1vel da pr\u00f3pria hist\u00f3ria educativa do concelho. Com ra\u00edzes profundas nas comunidades locais e nos percursos de milhares de alunos, o Agrupamento \u00e9 fruto de um processo de evolu\u00e7\u00e3o cont\u00ednua, de &hellip; <\/p>","protected":false},"author":1,"featured_media":0,"parent":0,"menu_order":0,"comment_status":"closed","ping_status":"closed","template":"","meta":{"footnotes":""},"class_list":["post-15091","page","type-page","status-publish","hentry"],"_links":{"self":[{"href":"https:\/\/www.aemontemor.pt\/en\/wp-json\/wp\/v2\/pages\/15091","targetHints":{"allow":["GET"]}}],"collection":[{"href":"https:\/\/www.aemontemor.pt\/en\/wp-json\/wp\/v2\/pages"}],"about":[{"href":"https:\/\/www.aemontemor.pt\/en\/wp-json\/wp\/v2\/types\/page"}],"author":[{"embeddable":true,"href":"https:\/\/www.aemontemor.pt\/en\/wp-json\/wp\/v2\/users\/1"}],"replies":[{"embeddable":true,"href":"https:\/\/www.aemontemor.pt\/en\/wp-json\/wp\/v2\/comments?post=15091"}],"version-history":[{"count":28,"href":"https:\/\/www.aemontemor.pt\/en\/wp-json\/wp\/v2\/pages\/15091\/revisions"}],"predecessor-version":[{"id":15733,"href":"https:\/\/www.aemontemor.pt\/en\/wp-json\/wp\/v2\/pages\/15091\/revisions\/15733"}],"wp:attachment":[{"href":"https:\/\/www.aemontemor.pt\/en\/wp-json\/wp\/v2\/media?parent=15091"}],"curies":[{"name":"wp","href":"https:\/\/api.w.org\/{rel}","templated":true}]}}