{"id":15691,"date":"2025-05-21T15:13:33","date_gmt":"2025-05-21T15:13:33","guid":{"rendered":"http:\/\/www.aemontemor.pt\/?page_id=15691"},"modified":"2025-05-21T15:13:35","modified_gmt":"2025-05-21T15:13:35","slug":"politica-de-cookies","status":"publish","type":"page","link":"https:\/\/www.aemontemor.pt\/en\/politica-de-cookies\/","title":{"rendered":"Cookie Policy"},"content":{"rendered":"<p><strong>What are cookies?<\/strong><\/p>\n\n\n\n<p>Cookies are small text files stored on your device (computer, smartphone, tablet, etc.) when you visit a website. These files allow the website to recognize your device and remember some information about your browsing, such as preferences or previous actions.<\/p>\n\n\n\n<p><strong>What are they used for?<\/strong><\/p>\n\n\n\n<p>Cookies are used to improve your browsing experience, making it faster and more personalized. They are also used for analytical purposes, helping us understand how users interact with the site, in order to optimize its content and features.<\/p>\n\n\n\n<p><strong>Types of cookies used<\/strong><\/p>\n\n\n\n<p>Below we list the cookies used on the aemontemor.pt domain, as well as their purpose:<\/p>\n\n\n\n<figure class=\"wp-block-table\"><table class=\"has-fixed-layout\"><thead><tr><td>Cookie Name<\/td><td>Server<\/td><td>Purpose<\/td><td>Own \/ Third Parties<\/td><td>Excluded from Consent<\/td><\/tr><\/thead><tbody><tr><td>_utma<\/td><td>aemontemor.pt<\/td><td>Analytics (Google Analytics)<\/td><td>Third parties<\/td><td>No<\/td><\/tr><tr><td>_utmz<\/td><td>aemontemor.pt<\/td><td>Analytics (Google Analytics)<\/td><td>Third parties<\/td><td>No<\/td><\/tr><tr><td>_ga<\/td><td>aemontemor.pt<\/td><td>Analytics (Google Analytics)<\/td><td>Third parties<\/td><td>No<\/td><\/tr><tr><td>Tracking<\/td><td>aemontemor.pt<\/td><td>Stores browsing preferences.<\/td><td>Own<\/td><td>No<\/td><\/tr><tr><td>Language<\/td><td>aemontemor.pt<\/td><td>Saves the language selected by the user.<\/td><td>Own<\/td><td>No<\/td><\/tr><tr><td>PHPSESSID<\/td><td>aemontemor.pt<\/td><td>User session (does not store personal data)<\/td><td>Own<\/td><td>No<\/td><\/tr><\/tbody><\/table><\/figure>\n\n\n\n<p>Note: This list may be updated whenever cookies are added or removed from our website. Despite our efforts to keep it updated, it is possible that, temporarily, some recent cookies may not be included in the table.<\/p>\n\n\n\n<p><strong>How do I manage or disable cookies?<\/strong><\/p>\n\n\n\n<p>You can allow, block, or delete cookies installed on your device through your browser settings. Disabling cookies may affect your browsing experience, limiting access to certain features.<\/p>\n\n\n\n<p>See the links below to learn how to manage cookies in major browsers:<\/p>\n\n\n\n<ul class=\"wp-block-list\">\n<li><a href=\"https:\/\/support.google.com\/chrome\/answer\/95647?hl=pt\">Google Chrome<\/a><\/li>\n\n\n\n<li><a href=\"https:\/\/support.mozilla.org\/pt-PT\/kb\/ativar-desativar-cookies-sites-utilizam-preferencias\">Mozilla Firefox<\/a><\/li>\n\n\n\n<li><a href=\"https:\/\/support.microsoft.com\/pt-pt\/windows\/eliminar-cookies-no-microsoft-edge-63947406-40ac-c3b8-57b9-2a946a29ae09\">Microsoft Edge\/Internet Explorer<\/a><\/li>\n\n\n\n<li><a href=\"https:\/\/support.apple.com\/pt-pt\/guide\/safari\/sfri11471\/mac\">Safari (macOS)<\/a><\/li>\n\n\n\n<li><a href=\"https:\/\/support.apple.com\/pt-pt\/HT201265\">Safari (iOS)<\/a><\/li>\n\n\n\n<li><a href=\"https:\/\/support.google.com\/chrome\/answer\/95647?hl=pt-PT&amp;co=GENIE.Platform%3DAndroid\">Chrome (Android)<\/a><\/li>\n<\/ul>\n\n\n\n<p><strong>Consent<\/strong><\/p>\n\n\n\n<p>By browsing the aemontemor.pt website, you are accepting the use of cookies in accordance with the terms of this Policy. We do not collect personal information through cookies, except for IP address and session data, as described.<\/p>\n\n\n\n<p>Users may voluntarily provide additional information when registering to access services or receive communications. This information will be processed in accordance with our Privacy Policy.<\/p>","protected":false},"excerpt":{"rendered":"<p>O que s\u00e3o cookies? Cookies s\u00e3o pequenos ficheiros de texto armazenados no seu dispositivo (computador, smartphone, tablet, etc.) quando visita um site. Estes ficheiros permitem ao site reconhecer o seu dispositivo e memorizar algumas informa\u00e7\u00f5es sobre a sua navega\u00e7\u00e3o, como &hellip; <\/p>","protected":false},"author":1,"featured_media":0,"parent":0,"menu_order":0,"comment_status":"closed","ping_status":"open","template":"","meta":{"footnotes":""},"class_list":["post-15691","page","type-page","status-publish","hentry"],"_links":{"self":[{"href":"https:\/\/www.aemontemor.pt\/en\/wp-json\/wp\/v2\/pages\/15691","targetHints":{"allow":["GET"]}}],"collection":[{"href":"https:\/\/www.aemontemor.pt\/en\/wp-json\/wp\/v2\/pages"}],"about":[{"href":"https:\/\/www.aemontemor.pt\/en\/wp-json\/wp\/v2\/types\/page"}],"author":[{"embeddable":true,"href":"https:\/\/www.aemontemor.pt\/en\/wp-json\/wp\/v2\/users\/1"}],"replies":[{"embeddable":true,"href":"https:\/\/www.aemontemor.pt\/en\/wp-json\/wp\/v2\/comments?post=15691"}],"version-history":[{"count":1,"href":"https:\/\/www.aemontemor.pt\/en\/wp-json\/wp\/v2\/pages\/15691\/revisions"}],"predecessor-version":[{"id":15692,"href":"https:\/\/www.aemontemor.pt\/en\/wp-json\/wp\/v2\/pages\/15691\/revisions\/15692"}],"wp:attachment":[{"href":"https:\/\/www.aemontemor.pt\/en\/wp-json\/wp\/v2\/media?parent=15691"}],"curies":[{"name":"wp","href":"https:\/\/api.w.org\/{rel}","templated":true}]}}