{"id":15734,"date":"2025-05-25T11:28:12","date_gmt":"2025-05-25T11:28:12","guid":{"rendered":"http:\/\/www.aemontemor.pt\/?page_id=15734"},"modified":"2025-05-26T16:06:32","modified_gmt":"2025-05-26T16:06:32","slug":"historia","status":"publish","type":"page","link":"https:\/\/www.aemontemor.pt\/en\/historia\/","title":{"rendered":"Mission, Vision and Values"},"content":{"rendered":"<div data-elementor-type=\"wp-page\" data-elementor-id=\"15734\" class=\"elementor elementor-15734\">\n\t\t\t\t<div class=\"elementor-element elementor-element-ec062ef elementor-hidden-desktop elementor-hidden-tablet elementor-hidden-mobile_extra elementor-hidden-mobile e-flex e-con-boxed e-con e-parent\" data-id=\"ec062ef\" data-element_type=\"container\" data-e-type=\"container\" data-settings=\"{&quot;background_background&quot;:&quot;classic&quot;}\">\n\t\t\t\t\t<div class=\"e-con-inner\">\n\t\t\t\t<div class=\"elementor-element elementor-element-0418f7a elementor-widget__width-initial elementor-absolute elementor-widget elementor-widget-text-editor\" data-id=\"0418f7a\" data-element_type=\"widget\" data-e-type=\"widget\" data-settings=\"{&quot;_position&quot;:&quot;absolute&quot;}\" data-widget_type=\"text-editor.default\">\n\t\t\t\t<div class=\"elementor-widget-container\">\n\t\t\t\t\t\t\t\t\t<p>The history of the Montemor-o-Velho School Group is inseparable from the educational history of the municipality itself. With deep roots in local communities and the journeys of thousands of students, the Group is the result of a process of continuous evolution, joint growth, and commitment to quality public education.<\/p>\t\t\t\t\t\t\t\t<\/div>\n\t\t\t\t<\/div>\n\t\t\t\t\t<\/div>\n\t\t\t\t<\/div>\n\t\t\t\t<section class=\"elementor-section elementor-top-section elementor-element elementor-element-11d77694 elementor-section-stretched elementor-section-boxed elementor-section-height-default elementor-section-height-default\" data-id=\"11d77694\" data-element_type=\"section\" data-e-type=\"section\" data-settings=\"{&quot;stretch_section&quot;:&quot;section-stretched&quot;}\">\n\t\t\t\t\t\t<div class=\"elementor-container elementor-column-gap-no\">\n\t\t\t\t\t<div class=\"elementor-column elementor-col-100 elementor-top-column elementor-element elementor-element-30c45465\" data-id=\"30c45465\" data-element_type=\"column\" data-e-type=\"column\">\n\t\t\t<div class=\"elementor-widget-wrap elementor-element-populated\">\n\t\t\t\t\t\t<div class=\"elementor-element elementor-element-87149e7 elementor-widget elementor-widget-text-editor\" data-id=\"87149e7\" data-element_type=\"widget\" data-e-type=\"widget\" data-widget_type=\"text-editor.default\">\n\t\t\t\t<div class=\"elementor-widget-container\">\n\t\t\t\t\t\t\t\t\t<h3 data-start=\"169\" data-end=\"197\">A School with Purpose<\/h3><p data-start=\"199\" data-end=\"474\">In a time of constant change, the school emerges as an essential space for stability, growth, and the future. At the Montemor-o-Velho School Group, we believe that educating is more than teaching content: it is about forming free, conscious, and participatory citizens.<\/p><p data-start=\"476\" data-end=\"739\">Over the years, we have affirmed a clear commitment to quality, inclusion, and the development of each student. We strive daily to build a school that listens, welcomes, and challenges \u2013 a school that aims to be demanding, humane, and connected to its community.<\/p><p data-start=\"741\" data-end=\"948\">It is in this spirit that we share our Mission, Vision and Values: principles that guide our actions and reflect the identity of a Group that grows with the territory and the people who inhabit it.<\/p>\t\t\t\t\t\t\t\t<\/div>\n\t\t\t\t<\/div>\n\t\t\t\t\t<\/div>\n\t\t<\/div>\n\t\t\t\t\t<\/div>\n\t\t<\/section>\n\t\t\t\t<section class=\"elementor-section elementor-top-section elementor-element elementor-element-391859a elementor-section-stretched elementor-section-boxed elementor-section-height-default elementor-section-height-default\" data-id=\"391859a\" data-element_type=\"section\" data-e-type=\"section\" data-settings=\"{&quot;stretch_section&quot;:&quot;section-stretched&quot;}\">\n\t\t\t\t\t\t<div class=\"elementor-container elementor-column-gap-no\">\n\t\t\t\t\t<div class=\"elementor-column elementor-col-100 elementor-top-column elementor-element elementor-element-7775658\" data-id=\"7775658\" data-element_type=\"column\" data-e-type=\"column\">\n\t\t\t<div class=\"elementor-widget-wrap elementor-element-populated\">\n\t\t\t\t\t\t<div class=\"elementor-element elementor-element-3b933d7 elementor-view-default elementor-widget elementor-widget-icon\" data-id=\"3b933d7\" data-element_type=\"widget\" data-e-type=\"widget\" data-widget_type=\"icon.default\">\n\t\t\t\t<div class=\"elementor-widget-container\">\n\t\t\t\t\t\t\t<div class=\"elementor-icon-wrapper\">\n\t\t\t<div class=\"elementor-icon\">\n\t\t\t<svg aria-hidden=\"true\" class=\"e-font-icon-svg e-fas-bullseye\" viewbox=\"0 0 496 512\" xmlns=\"http:\/\/www.w3.org\/2000\/svg\"><path d=\"M248 8C111.03 8 0 119.03 0 256s111.03 248 248 248 248-111.03 248-248S384.97 8 248 8zm0 432c-101.69 0-184-82.29-184-184 0-101.69 82.29-184 184-184 101.69 0 184 82.29 184 184 0 101.69-82.29 184-184 184zm0-312c-70.69 0-128 57.31-128 128s57.31 128 128 128 128-57.31 128-128-57.31-128-128-128zm0 192c-35.29 0-64-28.71-64-64s28.71-64 64-64 64 28.71 64 64-28.71 64-64 64z\"><\/path><\/svg>\t\t\t<\/div>\n\t\t<\/div>\n\t\t\t\t\t\t<\/div>\n\t\t\t\t<\/div>\n\t\t\t\t<div class=\"elementor-element elementor-element-df326b5 elementor-widget elementor-widget-heading\" data-id=\"df326b5\" data-element_type=\"widget\" data-e-type=\"widget\" data-widget_type=\"heading.default\">\n\t\t\t\t<div class=\"elementor-widget-container\">\n\t\t\t\t\t<h2 class=\"elementor-heading-title elementor-size-default\">Mission<\/h2>\t\t\t\t<\/div>\n\t\t\t\t<\/div>\n\t\t\t\t<div class=\"elementor-element elementor-element-a824635 elementor-widget elementor-widget-text-editor\" data-id=\"a824635\" data-element_type=\"widget\" data-e-type=\"widget\" data-widget_type=\"text-editor.default\">\n\t\t\t\t<div class=\"elementor-widget-container\">\n\t\t\t\t\t\t\t\t\t<p>The Montemor-o-Velho School Group&#039;s mission is to educate for citizenship, autonomy, and knowledge, guaranteeing all students a quality educational path that is inclusive and adapted to the diversity of contexts and learning paces.<\/p><p>As a pluralistic educational space, we promote the holistic development of the student, valuing knowledge, skills, and character, and striving to form conscious, responsible young people prepared for the challenges of the present and the future.<\/p>\t\t\t\t\t\t\t\t<\/div>\n\t\t\t\t<\/div>\n\t\t\t\t\t<\/div>\n\t\t<\/div>\n\t\t\t\t\t<\/div>\n\t\t<\/section>\n\t\t\t\t<section class=\"elementor-section elementor-top-section elementor-element elementor-element-bd2f636 elementor-section-stretched elementor-section-boxed elementor-section-height-default elementor-section-height-default\" data-id=\"bd2f636\" data-element_type=\"section\" data-e-type=\"section\" data-settings=\"{&quot;stretch_section&quot;:&quot;section-stretched&quot;}\">\n\t\t\t\t\t\t<div class=\"elementor-container elementor-column-gap-no\">\n\t\t\t\t\t<div class=\"elementor-column elementor-col-100 elementor-top-column elementor-element elementor-element-d7ff556\" data-id=\"d7ff556\" data-element_type=\"column\" data-e-type=\"column\">\n\t\t\t<div class=\"elementor-widget-wrap elementor-element-populated\">\n\t\t\t\t\t\t<div class=\"elementor-element elementor-element-cce6e3c elementor-view-default elementor-widget elementor-widget-icon\" data-id=\"cce6e3c\" data-element_type=\"widget\" data-e-type=\"widget\" data-widget_type=\"icon.default\">\n\t\t\t\t<div class=\"elementor-widget-container\">\n\t\t\t\t\t\t\t<div class=\"elementor-icon-wrapper\">\n\t\t\t<div class=\"elementor-icon\">\n\t\t\t<svg aria-hidden=\"true\" class=\"e-font-icon-svg e-far-eye\" viewbox=\"0 0 576 512\" xmlns=\"http:\/\/www.w3.org\/2000\/svg\"><path d=\"M288 144a110.94 110.94 0 0 0-31.24 5 55.4 55.4 0 0 1 7.24 27 56 56 0 0 1-56 56 55.4 55.4 0 0 1-27-7.24A111.71 111.71 0 1 0 288 144zm284.52 97.4C518.29 135.59 410.93 64 288 64S57.68 135.64 3.48 241.41a32.35 32.35 0 0 0 0 29.19C57.71 376.41 165.07 448 288 448s230.32-71.64 284.52-177.41a32.35 32.35 0 0 0 0-29.19zM288 400c-98.65 0-189.09-55-237.93-144C98.91 167 189.34 112 288 112s189.09 55 237.93 144C477.1 345 386.66 400 288 400z\"><\/path><\/svg>\t\t\t<\/div>\n\t\t<\/div>\n\t\t\t\t\t\t<\/div>\n\t\t\t\t<\/div>\n\t\t\t\t<div class=\"elementor-element elementor-element-4a906db elementor-widget elementor-widget-heading\" data-id=\"4a906db\" data-element_type=\"widget\" data-e-type=\"widget\" data-widget_type=\"heading.default\">\n\t\t\t\t<div class=\"elementor-widget-container\">\n\t\t\t\t\t<h2 class=\"elementor-heading-title elementor-size-default\">Vision<\/h2>\t\t\t\t<\/div>\n\t\t\t\t<\/div>\n\t\t\t\t<div class=\"elementor-element elementor-element-26ebf03 elementor-widget elementor-widget-text-editor\" data-id=\"26ebf03\" data-element_type=\"widget\" data-e-type=\"widget\" data-widget_type=\"text-editor.default\">\n\t\t\t\t<div class=\"elementor-widget-container\">\n\t\t\t\t\t\t\t\t\t<p data-start=\"841\" data-end=\"962\">We believe in a public school that transforms, inspires, and builds bridges between generations, territories, and cultures.<\/p><p data-start=\"964\" data-end=\"1267\">We want to be a group recognized by <strong data-start=\"1009\" data-end=\"1090\">Pedagogical quality, through educational innovation and proximity to the community.<\/strong>. We aspire to be a local and regional benchmark, where students, families, teachers, and staff work together for a more humane, fairer, and more demanding education.<\/p><p data-start=\"1269\" data-end=\"1367\">Our vision is based on a school that is open to the world, but with firm roots in the municipality we serve.<\/p>\t\t\t\t\t\t\t\t<\/div>\n\t\t\t\t<\/div>\n\t\t\t\t\t<\/div>\n\t\t<\/div>\n\t\t\t\t\t<\/div>\n\t\t<\/section>\n\t\t\t\t<section class=\"elementor-section elementor-top-section elementor-element elementor-element-5a82941 elementor-section-stretched elementor-section-boxed elementor-section-height-default elementor-section-height-default\" data-id=\"5a82941\" data-element_type=\"section\" data-e-type=\"section\" data-settings=\"{&quot;stretch_section&quot;:&quot;section-stretched&quot;}\">\n\t\t\t\t\t\t<div class=\"elementor-container elementor-column-gap-no\">\n\t\t\t\t\t<div class=\"elementor-column elementor-col-100 elementor-top-column elementor-element elementor-element-6f335ae\" data-id=\"6f335ae\" data-element_type=\"column\" data-e-type=\"column\">\n\t\t\t<div class=\"elementor-widget-wrap elementor-element-populated\">\n\t\t\t\t\t\t<div class=\"elementor-element elementor-element-276239e elementor-view-default elementor-widget elementor-widget-icon\" data-id=\"276239e\" data-element_type=\"widget\" data-e-type=\"widget\" data-widget_type=\"icon.default\">\n\t\t\t\t<div class=\"elementor-widget-container\">\n\t\t\t\t\t\t\t<div class=\"elementor-icon-wrapper\">\n\t\t\t<div class=\"elementor-icon\">\n\t\t\t<svg aria-hidden=\"true\" class=\"e-font-icon-svg e-far-gem\" viewbox=\"0 0 576 512\" xmlns=\"http:\/\/www.w3.org\/2000\/svg\"><path d=\"M464 0H112c-4 0-7.8 2-10 5.4L2 152.6c-2.9 4.4-2.6 10.2.7 14.2l276 340.8c4.8 5.9 13.8 5.9 18.6 0l276-340.8c3.3-4.1 3.6-9.8.7-14.2L474.1 5.4C471.8 2 468.1 0 464 0zm-19.3 48l63.3 96h-68.4l-51.7-96h56.8zm-202.1 0h90.7l51.7 96H191l51.6-96zm-111.3 0h56.8l-51.7 96H68l63.3-96zm-43 144h51.4L208 352 88.3 192zm102.9 0h193.6L288 435.3 191.2 192zM368 352l68.2-160h51.4L368 352z\"><\/path><\/svg>\t\t\t<\/div>\n\t\t<\/div>\n\t\t\t\t\t\t<\/div>\n\t\t\t\t<\/div>\n\t\t\t\t<div class=\"elementor-element elementor-element-b344d40 elementor-widget elementor-widget-heading\" data-id=\"b344d40\" data-element_type=\"widget\" data-e-type=\"widget\" data-widget_type=\"heading.default\">\n\t\t\t\t<div class=\"elementor-widget-container\">\n\t\t\t\t\t<h2 class=\"elementor-heading-title elementor-size-default\">Values<\/h2>\t\t\t\t<\/div>\n\t\t\t\t<\/div>\n\t\t\t\t<div class=\"elementor-element elementor-element-edd597a elementor-widget elementor-widget-text-editor\" data-id=\"edd597a\" data-element_type=\"widget\" data-e-type=\"widget\" data-widget_type=\"text-editor.default\">\n\t\t\t\t<div class=\"elementor-widget-container\">\n\t\t\t\t\t\t\t\t\t<p data-start=\"1383\" data-end=\"1482\">Our daily actions are guided by a set of values that define the Group&#039;s identity:<\/p><ul data-start=\"1484\" data-end=\"2309\"><li data-start=\"1484\" data-end=\"1611\"><p data-start=\"1486\" data-end=\"1611\"><strong data-start=\"1486\" data-end=\"1498\">Respect<\/strong><br data-start=\"1498\" data-end=\"1501\" \/>We value the dignity of each person, promoting a healthy, inclusive, and empathetic coexistence.<\/p><\/li><li data-start=\"1613\" data-end=\"1769\"><p data-start=\"1615\" data-end=\"1769\"><strong data-start=\"1615\" data-end=\"1627\">Equity<\/strong><br data-start=\"1627\" data-end=\"1630\" \/>We are committed to an education that recognizes and responds to individual needs, ensuring equal opportunities for all.<\/p><\/li><li data-start=\"1771\" data-end=\"1932\"><p data-start=\"1773\" data-end=\"1932\"><strong data-start=\"1773\" data-end=\"1793\">Responsibility<\/strong><br data-start=\"1793\" data-end=\"1796\" \/>We encourage autonomy and commitment, both individually and collectively, developing a sense of civic and academic duty.<\/p><\/li><li data-start=\"1934\" data-end=\"2103\"><p data-start=\"1936\" data-end=\"2103\"><strong data-start=\"1936\" data-end=\"1951\">Collaboration<\/strong><br data-start=\"1951\" data-end=\"1954\" \/>We believe in teamwork, sharing best practices, and building support networks among all members of the educational community.<\/p><\/li><li data-start=\"2105\" data-end=\"2309\"><p data-start=\"2107\" data-end=\"2309\"><strong data-start=\"2107\" data-end=\"2119\">Innovation<\/strong><br data-start=\"2119\" data-end=\"2122\" \/>We are committed to dynamic and creative teaching practices, keeping pace with the challenges of the contemporary world without losing sight of what is essential: the well-being and learning of our students.<\/p><\/li><\/ul>\t\t\t\t\t\t\t\t<\/div>\n\t\t\t\t<\/div>\n\t\t\t\t\t<\/div>\n\t\t<\/div>\n\t\t\t\t\t<\/div>\n\t\t<\/section>\n\t\t\t\t<\/div>","protected":false},"excerpt":{"rendered":"<p>A hist\u00f3ria do Agrupamento de Escolas de Montemor-o-Velho \u00e9 insepar\u00e1vel da pr\u00f3pria hist\u00f3ria educativa do concelho. Com ra\u00edzes profundas nas comunidades locais e nos percursos de milhares de alunos, o Agrupamento \u00e9 fruto de um processo de evolu\u00e7\u00e3o cont\u00ednua, de &hellip; <\/p>","protected":false},"author":1,"featured_media":0,"parent":0,"menu_order":0,"comment_status":"closed","ping_status":"closed","template":"","meta":{"rs_blank_template":"","rs_page_bg_color":"","slide_template_v7":"","footnotes":""},"class_list":["post-15734","page","type-page","status-publish","hentry"],"_links":{"self":[{"href":"https:\/\/www.aemontemor.pt\/en\/wp-json\/wp\/v2\/pages\/15734","targetHints":{"allow":["GET"]}}],"collection":[{"href":"https:\/\/www.aemontemor.pt\/en\/wp-json\/wp\/v2\/pages"}],"about":[{"href":"https:\/\/www.aemontemor.pt\/en\/wp-json\/wp\/v2\/types\/page"}],"author":[{"embeddable":true,"href":"https:\/\/www.aemontemor.pt\/en\/wp-json\/wp\/v2\/users\/1"}],"replies":[{"embeddable":true,"href":"https:\/\/www.aemontemor.pt\/en\/wp-json\/wp\/v2\/comments?post=15734"}],"version-history":[{"count":28,"href":"https:\/\/www.aemontemor.pt\/en\/wp-json\/wp\/v2\/pages\/15734\/revisions"}],"predecessor-version":[{"id":15767,"href":"https:\/\/www.aemontemor.pt\/en\/wp-json\/wp\/v2\/pages\/15734\/revisions\/15767"}],"wp:attachment":[{"href":"https:\/\/www.aemontemor.pt\/en\/wp-json\/wp\/v2\/media?parent=15734"}],"curies":[{"name":"wp","href":"https:\/\/api.w.org\/{rel}","templated":true}]}}