{"id":15768,"date":"2025-05-27T20:30:39","date_gmt":"2025-05-27T20:30:39","guid":{"rendered":"http:\/\/www.aemontemor.pt\/?page_id=15768"},"modified":"2025-09-02T20:41:47","modified_gmt":"2025-09-02T20:41:47","slug":"eqavet","status":"publish","type":"page","link":"https:\/\/www.aemontemor.pt\/en\/eqavet\/","title":{"rendered":"EQAVET"},"content":{"rendered":"<div data-elementor-type=\"wp-page\" data-elementor-id=\"15768\" class=\"elementor elementor-15768\">\n\t\t\t\t\t\t<section class=\"elementor-section elementor-top-section elementor-element elementor-element-11d77694 elementor-section-stretched elementor-section-boxed elementor-section-height-default elementor-section-height-default\" data-id=\"11d77694\" data-element_type=\"section\" data-e-type=\"section\" data-settings=\"{&quot;stretch_section&quot;:&quot;section-stretched&quot;}\">\n\t\t\t\t\t\t<div class=\"elementor-container elementor-column-gap-no\">\n\t\t\t\t\t<div class=\"elementor-column elementor-col-100 elementor-top-column elementor-element elementor-element-30c45465\" data-id=\"30c45465\" data-element_type=\"column\" data-e-type=\"column\">\n\t\t\t<div class=\"elementor-widget-wrap elementor-element-populated\">\n\t\t\t\t\t\t<div class=\"elementor-element elementor-element-2d003a8 elementor-widget elementor-widget-heading\" data-id=\"2d003a8\" data-element_type=\"widget\" data-e-type=\"widget\" data-widget_type=\"heading.default\">\n\t\t\t\t<div class=\"elementor-widget-container\">\n\t\t\t\t\t<h3 class=\"elementor-heading-title elementor-size-default\">European Quality Assurance Reference Framework for Vocational Education and Training <\/h3>\t\t\t\t<\/div>\n\t\t\t\t<\/div>\n\t\t\t\t\t<\/div>\n\t\t<\/div>\n\t\t\t\t\t<\/div>\n\t\t<\/section>\n\t\t\t\t<section class=\"elementor-section elementor-top-section elementor-element elementor-element-391859a elementor-section-stretched elementor-section-boxed elementor-section-height-default elementor-section-height-default\" data-id=\"391859a\" data-element_type=\"section\" data-e-type=\"section\" data-settings=\"{&quot;stretch_section&quot;:&quot;section-stretched&quot;}\">\n\t\t\t\t\t\t<div class=\"elementor-container elementor-column-gap-no\">\n\t\t\t\t\t<div class=\"elementor-column elementor-col-50 elementor-top-column elementor-element elementor-element-7775658\" data-id=\"7775658\" data-element_type=\"column\" data-e-type=\"column\">\n\t\t\t<div class=\"elementor-widget-wrap elementor-element-populated\">\n\t\t\t\t\t\t<div class=\"elementor-element elementor-element-519f8f9 elementor-widget elementor-widget-text-editor\" data-id=\"519f8f9\" data-element_type=\"widget\" data-e-type=\"widget\" data-widget_type=\"text-editor.default\">\n\t\t\t\t<div class=\"elementor-widget-container\">\n\t\t\t\t\t\t\t\t\t<div class=\"bg-white padding-1-half-rem-lr padding-1-rem-tb lg-padding-1-rem-all md-padding-1-half-rem-all sm-padding-1-rem-all last-paragraph-no-margin\"><span class=\"alt-font text-extra-dark-gray font-weight-700 margin-20px-bottom margin-20px-top d-block text-extra-large\">EQAVET<\/span><\/div><div>\u00a0<\/div><div class=\"bg-white padding-1-half-rem-lr padding-1-rem-tb lg-padding-1-rem-all md-padding-1-half-rem-all sm-padding-1-rem-all last-paragraph-no-margin\"><p>The European Quality Assurance Reference Framework for Vocational Education and Training \u2013 EQAVET is an instrument adopted by the Member States of the European Union that allows them to document, develop, monitor, evaluate and improve the efficiency of Vocational Education and Training (VET) provision and the quality of management practices.<\/p><\/div>\t\t\t\t\t\t\t\t<\/div>\n\t\t\t\t<\/div>\n\t\t\t\t\t<\/div>\n\t\t<\/div>\n\t\t\t\t<div class=\"elementor-column elementor-col-50 elementor-top-column elementor-element elementor-element-9fc7831\" data-id=\"9fc7831\" data-element_type=\"column\" data-e-type=\"column\">\n\t\t\t<div class=\"elementor-widget-wrap elementor-element-populated\">\n\t\t\t\t\t\t<div class=\"elementor-element elementor-element-82a1227 elementor-widget__width-initial elementor-widget elementor-widget-image\" data-id=\"82a1227\" data-element_type=\"widget\" data-e-type=\"widget\" data-widget_type=\"image.default\">\n\t\t\t\t<div class=\"elementor-widget-container\">\n\t\t\t\t\t\t\t\t\t\t\t\t\t\t\t<img decoding=\"async\" src=\"https:\/\/www.aemontemor.pt\/wp-content\/uploads\/2025\/05\/IMG_LOGO_EQAVET-404x195.png\" title=\"IMG_LOGO_EQAVET\" alt=\"IMG_LOGO_EQAVET\" loading=\"lazy\" \/>\t\t\t\t\t\t\t\t\t\t\t\t\t\t\t<\/div>\n\t\t\t\t<\/div>\n\t\t\t\t\t<\/div>\n\t\t<\/div>\n\t\t\t\t\t<\/div>\n\t\t<\/section>\n\t\t\t\t<section class=\"elementor-section elementor-top-section elementor-element elementor-element-72a7e79 elementor-section-stretched elementor-section-boxed elementor-section-height-default elementor-section-height-default\" data-id=\"72a7e79\" data-element_type=\"section\" data-e-type=\"section\" data-settings=\"{&quot;stretch_section&quot;:&quot;section-stretched&quot;}\">\n\t\t\t\t\t\t<div class=\"elementor-container elementor-column-gap-no\">\n\t\t\t\t\t<div class=\"elementor-column elementor-col-100 elementor-top-column elementor-element elementor-element-cd2a916\" data-id=\"cd2a916\" data-element_type=\"column\" data-e-type=\"column\">\n\t\t\t<div class=\"elementor-widget-wrap elementor-element-populated\">\n\t\t\t\t\t\t<div class=\"elementor-element elementor-element-a7063e9 elementor-widget elementor-widget-text-editor\" data-id=\"a7063e9\" data-element_type=\"widget\" data-e-type=\"widget\" data-widget_type=\"text-editor.default\">\n\t\t\t\t<div class=\"elementor-widget-container\">\n\t\t\t\t\t\t\t\t\t<p>The Montemor-o-Velho School Group had its quality of Vocational Education, which it offers every year to a large number of trainees, recognized on March 24th.<\/p><p>The audit took place on February 8th and was the culmination of a process that originated from the recommendation of the European Parliament and the European Council that established EQAVET (European Quality Assurance Reference Framework for Vocational Education and Training).<\/p><p>This framework, which is based on strong coordination between the different stakeholders and on planning, implementation, monitoring and review with a view to continuously improving the efficiency of the offer, has been in place in this School Group since 2019 and ended up involving the entire educational community and external partners, from employers, social partners and host entities for internships that take place throughout the three years of student training.<\/p><p>\u201cWith the aim of helping Vocational Education and Training providers to promote and monitor the continuous improvement of their systems, based on common European references, the entire alignment process with EQAVET ended up being an opportunity for a closer relationship between the school and the partners who collaborate with it in the vocational training and education provided here,\u201d emphasizes Ana Tereza Redondo, coordinator of the team that led the entire application process.<\/p><p>This Quality Assurance Seal, awarded by ANQEP (National Agency for Qualification and Vocational Education) for a period of three years, reinforces the commitment of the various agents involved to continue working to guarantee quality training for students, parents\/guardians, and other partners who, in fact, have already contributed significantly to this recognition.<\/p><p>The Head of the School Group welcomes the recognition of the work carried out and believes that this certification will contribute to maintaining a high level of attention given to each student.<\/p>\t\t\t\t\t\t\t\t<\/div>\n\t\t\t\t<\/div>\n\t\t\t\t\t<\/div>\n\t\t<\/div>\n\t\t\t\t\t<\/div>\n\t\t<\/section>\n\t\t\t\t<section class=\"elementor-section elementor-top-section elementor-element elementor-element-d4c071d elementor-section-stretched elementor-section-boxed elementor-section-height-default elementor-section-height-default\" data-id=\"d4c071d\" data-element_type=\"section\" data-e-type=\"section\" data-settings=\"{&quot;stretch_section&quot;:&quot;section-stretched&quot;}\">\n\t\t\t\t\t\t<div class=\"elementor-container elementor-column-gap-no\">\n\t\t\t\t\t<div class=\"elementor-column elementor-col-25 elementor-top-column elementor-element elementor-element-e4097c8\" data-id=\"e4097c8\" data-element_type=\"column\" data-e-type=\"column\">\n\t\t\t<div class=\"elementor-widget-wrap elementor-element-populated\">\n\t\t\t\t\t\t<div class=\"elementor-element elementor-element-95d17e1 elementor-widget thim-widget-button\" data-id=\"95d17e1\" data-element_type=\"widget\" data-e-type=\"widget\" data-widget_type=\"thim-button.default\">\n\t\t\t\t<div class=\"elementor-widget-container\">\n\t\t\t\t\t<a class=\"widget-button medium\" >Basic Document<\/a>\t\t\t\t<\/div>\n\t\t\t\t<\/div>\n\t\t\t\t\t<\/div>\n\t\t<\/div>\n\t\t\t\t<div class=\"elementor-column elementor-col-25 elementor-top-column elementor-element elementor-element-cc06af1\" data-id=\"cc06af1\" data-element_type=\"column\" data-e-type=\"column\">\n\t\t\t<div class=\"elementor-widget-wrap elementor-element-populated\">\n\t\t\t\t\t\t<div class=\"elementor-element elementor-element-3db3d30 elementor-widget thim-widget-button\" data-id=\"3db3d30\" data-element_type=\"widget\" data-e-type=\"widget\" data-widget_type=\"thim-button.default\">\n\t\t\t\t<div class=\"elementor-widget-container\">\n\t\t\t\t\t<a class=\"widget-button medium\" href=\"http:\/\/www.aemontemor.pt\/wp-content\/uploads\/2025\/09\/V_Final_AE-Montemor-o-VelhoPlanoAcao_cronograma.pdf\" target=\"_blank\">Action Plan<\/a>\t\t\t\t<\/div>\n\t\t\t\t<\/div>\n\t\t\t\t\t<\/div>\n\t\t<\/div>\n\t\t\t\t<div class=\"elementor-column elementor-col-25 elementor-top-column elementor-element elementor-element-afbcf12\" data-id=\"afbcf12\" data-element_type=\"column\" data-e-type=\"column\">\n\t\t\t<div class=\"elementor-widget-wrap elementor-element-populated\">\n\t\t\t\t\t\t<div class=\"elementor-element elementor-element-a3c0228 elementor-widget thim-widget-button\" data-id=\"a3c0228\" data-element_type=\"widget\" data-e-type=\"widget\" data-widget_type=\"thim-button.default\">\n\t\t\t\t<div class=\"elementor-widget-container\">\n\t\t\t\t\t<a class=\"widget-button medium\" href=\"http:\/\/www.aemontemor.pt\/wp-content\/uploads\/2025\/09\/RelatorioOperador_digitalizado.pdf\" target=\"_blank\">Operator Report<\/a>\t\t\t\t<\/div>\n\t\t\t\t<\/div>\n\t\t\t\t\t<\/div>\n\t\t<\/div>\n\t\t\t\t<div class=\"elementor-column elementor-col-25 elementor-top-column elementor-element elementor-element-87fa4dd\" data-id=\"87fa4dd\" data-element_type=\"column\" data-e-type=\"column\">\n\t\t\t<div class=\"elementor-widget-wrap elementor-element-populated\">\n\t\t\t\t\t\t<div class=\"elementor-element elementor-element-2d0f060 elementor-widget thim-widget-button\" data-id=\"2d0f060\" data-element_type=\"widget\" data-e-type=\"widget\" data-widget_type=\"thim-button.default\">\n\t\t\t\t<div class=\"elementor-widget-container\">\n\t\t\t\t\t<a class=\"widget-button medium\" href=\"http:\/\/www.aemontemor.pt\/wp-content\/uploads\/2025\/09\/6033_selo.pdf\" target=\"_blank\">EQAVET SEAL<\/a>\t\t\t\t<\/div>\n\t\t\t\t<\/div>\n\t\t\t\t\t<\/div>\n\t\t<\/div>\n\t\t\t\t\t<\/div>\n\t\t<\/section>\n\t\t\t\t<\/div>","protected":false},"excerpt":{"rendered":"<p>Quadro de Refer\u00eancia Europeu de Garantia de Qualidade para a Educa\u00e7\u00e3o e Forma\u00e7\u00e3o Profissional EQAVET\u00a0 O quadro de Refer\u00eancia Europeu de Garantia de Qualidade para a Educa\u00e7\u00e3o e Forma\u00e7\u00e3o Profissional \u2013 EQAVET \u00e9 um instrumento adotado pelos Estados-Membros da Uni\u00e3o &hellip; <\/p>","protected":false},"author":1,"featured_media":0,"parent":0,"menu_order":0,"comment_status":"closed","ping_status":"closed","template":"","meta":{"rs_blank_template":"","rs_page_bg_color":"","slide_template_v7":"","footnotes":""},"class_list":["post-15768","page","type-page","status-publish","hentry"],"_links":{"self":[{"href":"https:\/\/www.aemontemor.pt\/en\/wp-json\/wp\/v2\/pages\/15768","targetHints":{"allow":["GET"]}}],"collection":[{"href":"https:\/\/www.aemontemor.pt\/en\/wp-json\/wp\/v2\/pages"}],"about":[{"href":"https:\/\/www.aemontemor.pt\/en\/wp-json\/wp\/v2\/types\/page"}],"author":[{"embeddable":true,"href":"https:\/\/www.aemontemor.pt\/en\/wp-json\/wp\/v2\/users\/1"}],"replies":[{"embeddable":true,"href":"https:\/\/www.aemontemor.pt\/en\/wp-json\/wp\/v2\/comments?post=15768"}],"version-history":[{"count":46,"href":"https:\/\/www.aemontemor.pt\/en\/wp-json\/wp\/v2\/pages\/15768\/revisions"}],"predecessor-version":[{"id":17018,"href":"https:\/\/www.aemontemor.pt\/en\/wp-json\/wp\/v2\/pages\/15768\/revisions\/17018"}],"wp:attachment":[{"href":"https:\/\/www.aemontemor.pt\/en\/wp-json\/wp\/v2\/media?parent=15768"}],"curies":[{"name":"wp","href":"https:\/\/api.w.org\/{rel}","templated":true}]}}