{"id":15833,"date":"2025-06-03T11:22:49","date_gmt":"2025-06-03T11:22:49","guid":{"rendered":"http:\/\/www.aemontemor.pt\/?page_id=15833"},"modified":"2025-07-24T10:19:31","modified_gmt":"2025-07-24T10:19:31","slug":"estabelecimentos","status":"publish","type":"page","link":"https:\/\/www.aemontemor.pt\/en\/estabelecimentos\/","title":{"rendered":"Establishments"},"content":{"rendered":"<div data-elementor-type=\"wp-page\" data-elementor-id=\"15833\" class=\"elementor elementor-15833\">\n\t\t\t\t\t\t<section class=\"elementor-section elementor-top-section elementor-element elementor-element-72a7e79 elementor-section-stretched elementor-section-boxed elementor-section-height-default elementor-section-height-default\" data-id=\"72a7e79\" data-element_type=\"section\" data-e-type=\"section\" data-settings=\"{&quot;stretch_section&quot;:&quot;section-stretched&quot;}\">\n\t\t\t\t\t\t<div class=\"elementor-container elementor-column-gap-no\">\n\t\t\t\t\t<div class=\"elementor-column elementor-col-100 elementor-top-column elementor-element elementor-element-cd2a916\" data-id=\"cd2a916\" data-element_type=\"column\" data-e-type=\"column\">\n\t\t\t<div class=\"elementor-widget-wrap elementor-element-populated\">\n\t\t\t\t\t\t<div class=\"elementor-element elementor-element-a7063e9 elementor-widget elementor-widget-text-editor\" data-id=\"a7063e9\" data-element_type=\"widget\" data-e-type=\"widget\" data-widget_type=\"text-editor.default\">\n\t\t\t\t<div class=\"elementor-widget-container\">\n\t\t\t\t\t\t\t\t\t<p>The Montemor-o-Velho School Group encompasses a diverse network of establishments distributed across various parishes in the municipality. This structure allows for a local educational response, ensuring pedagogical continuity from preschool to secondary education.<\/p>\t\t\t\t\t\t\t\t<\/div>\n\t\t\t\t<\/div>\n\t\t\t\t\t<\/div>\n\t\t<\/div>\n\t\t\t\t\t<\/div>\n\t\t<\/section>\n\t\t\t\t<section class=\"elementor-section elementor-top-section elementor-element elementor-element-d4c071d elementor-section-stretched elementor-section-boxed elementor-section-height-default elementor-section-height-default\" data-id=\"d4c071d\" data-element_type=\"section\" data-e-type=\"section\" data-settings=\"{&quot;stretch_section&quot;:&quot;section-stretched&quot;}\">\n\t\t\t\t\t\t<div class=\"elementor-container elementor-column-gap-no\">\n\t\t\t\t\t<div class=\"elementor-column elementor-col-100 elementor-top-column elementor-element elementor-element-e4097c8\" data-id=\"e4097c8\" data-element_type=\"column\" data-e-type=\"column\">\n\t\t\t<div class=\"elementor-widget-wrap elementor-element-populated\">\n\t\t\t\t\t\t<div class=\"elementor-element elementor-element-d9c7e5a elementor-widget elementor-widget-text-editor\" data-id=\"d9c7e5a\" data-element_type=\"widget\" data-e-type=\"widget\" data-widget_type=\"text-editor.default\">\n\t\t\t\t<div class=\"elementor-widget-container\">\n\t\t\t\t\t\t\t\t\t<h3 data-start=\"647\" data-end=\"670\">Kindergartens<\/h3><ul data-start=\"671\" data-end=\"960\"><li data-start=\"671\" data-end=\"704\"><p data-start=\"673\" data-end=\"704\">Arazede Kindergarten<\/p><\/li><li data-start=\"705\" data-end=\"738\"><p data-start=\"707\" data-end=\"738\">Bunhosa Kindergarten<\/p><\/li><li data-start=\"739\" data-end=\"777\"><p data-start=\"741\" data-end=\"777\">Carapinheira Kindergarten<\/p><\/li><li data-start=\"778\" data-end=\"817\"><p data-start=\"780\" data-end=\"817\">Me\u00e3s do Campo Kindergarten<\/p><\/li><li data-start=\"818\" data-end=\"860\"><p data-start=\"820\" data-end=\"860\">Montemor-o-Velho Kindergarten<\/p><\/li><li data-start=\"861\" data-end=\"894\"><p data-start=\"863\" data-end=\"894\">Pereira Kindergarten<\/p><\/li><li data-start=\"895\" data-end=\"926\"><p data-start=\"897\" data-end=\"926\">Seixo Kindergarten<\/p><\/li><li data-start=\"927\" data-end=\"960\"><p data-start=\"929\" data-end=\"960\">Tojeiro Kindergarten<\/p><\/li><\/ul><h3 data-start=\"962\" data-end=\"1003\">Primary Schools (1st Cycle of Basic Education)<\/h3><ul data-start=\"1004\" data-end=\"1166\"><li data-start=\"1004\" data-end=\"1027\"><p data-start=\"1006\" data-end=\"1027\">Carapinheira Primary School<\/p><\/li><li data-start=\"1028\" data-end=\"1053\"><p data-start=\"1030\" data-end=\"1053\">Coutada Primary School \u2013 Me\u00e3s<\/p><\/li><li data-start=\"1054\" data-end=\"1094\"><p data-start=\"1056\" data-end=\"1094\">EB1 Montemor-o-Velho<\/p><\/li><li data-start=\"1095\" data-end=\"1113\"><p data-start=\"1097\" data-end=\"1113\">EBI of Pereira<\/p><\/li><li data-start=\"1114\" data-end=\"1130\"><p data-start=\"1116\" data-end=\"1130\">Seixo Primary School<\/p><\/li><li data-start=\"1131\" data-end=\"1150\"><p data-start=\"1133\" data-end=\"1150\">Tent\u00fagal Primary School<\/p><\/li><li data-start=\"1151\" data-end=\"1166\"><p data-start=\"1153\" data-end=\"1166\">EB1 de Viso<\/p><\/li><\/ul><h3 data-start=\"1168\" data-end=\"1200\">Primary and Secondary Schools<\/h3><ul data-start=\"1201\" data-end=\"1493\"><li data-start=\"1201\" data-end=\"1287\"><p data-start=\"1203\" data-end=\"1287\"><strong data-start=\"1203\" data-end=\"1256\">Montemor-o-Velho School Group (Headquarters)<\/strong><br data-start=\"1256\" data-end=\"1259\" \/>\u2709\ufe0f <a class=\"cursor-pointer\" rel=\"noopener\" data-start=\"1264\" data-end=\"1285\">direcao@aemontemor.pt<\/a><\/p><\/li><li data-start=\"1288\" data-end=\"1345\"><p data-start=\"1290\" data-end=\"1345\"><strong data-start=\"1290\" data-end=\"1311\">Arazede EB 2,3<\/strong><br data-start=\"1311\" data-end=\"1314\" \/>\u2709\ufe0f <a class=\"cursor-pointer\" rel=\"noopener\" data-start=\"1319\" data-end=\"1343\">ce.arazede@aemontemor.pt<\/a><\/p><\/li><li data-start=\"1346\" data-end=\"1438\"><p data-start=\"1348\" data-end=\"1438\"><strong data-start=\"1348\" data-end=\"1399\">EB 2,3 Dr. Jos\u00e9 dos Santos Bessa (Carapinheira)<\/strong><br data-start=\"1399\" data-end=\"1402\" \/>\u2709\ufe0f <a class=\"cursor-pointer\" rel=\"noopener\" data-start=\"1407\" data-end=\"1436\">ce.carapinheira@aemontemor.pt<\/a><\/p><\/li><li data-start=\"1439\" data-end=\"1493\"><p data-start=\"1441\" data-end=\"1493\"><strong data-start=\"1441\" data-end=\"1459\">EBI of Pereira<\/strong><br data-start=\"1459\" data-end=\"1462\" \/>\u2709\ufe0f <a class=\"cursor-pointer\" rel=\"noopener\" data-start=\"1467\" data-end=\"1491\">ce.pereira@aemontemor.pt<\/a><\/p><\/li><\/ul>\t\t\t\t\t\t\t\t<\/div>\n\t\t\t\t<\/div>\n\t\t\t\t\t<\/div>\n\t\t<\/div>\n\t\t\t\t\t<\/div>\n\t\t<\/section>\n\t\t\t\t<section class=\"elementor-section elementor-top-section elementor-element elementor-element-c29998b elementor-section-stretched elementor-section-boxed elementor-section-height-default elementor-section-height-default\" data-id=\"c29998b\" data-element_type=\"section\" data-e-type=\"section\" data-settings=\"{&quot;stretch_section&quot;:&quot;section-stretched&quot;}\">\n\t\t\t\t\t\t<div class=\"elementor-container elementor-column-gap-no\">\n\t\t\t\t\t<div class=\"elementor-column elementor-col-100 elementor-top-column elementor-element elementor-element-82c3ce6\" data-id=\"82c3ce6\" data-element_type=\"column\" data-e-type=\"column\">\n\t\t\t<div class=\"elementor-widget-wrap elementor-element-populated\">\n\t\t\t\t\t\t<div class=\"elementor-element elementor-element-e677158 elementor-widget thim-widget-button\" data-id=\"e677158\" data-element_type=\"widget\" data-e-type=\"widget\" data-widget_type=\"thim-button.default\">\n\t\t\t\t<div class=\"elementor-widget-container\">\n\t\t\t\t\t<a class=\"widget-button medium\" href=\"http:\/\/www.aemontemor.pt\/en\/contactos\/\">View Full Contacts<\/a>\t\t\t\t<\/div>\n\t\t\t\t<\/div>\n\t\t\t\t\t<\/div>\n\t\t<\/div>\n\t\t\t\t\t<\/div>\n\t\t<\/section>\n\t\t\t\t<\/div>","protected":false},"excerpt":{"rendered":"<p>O Agrupamento de Escolas de Montemor-o-Velho abrange uma rede diversificada de estabelecimentos distribu\u00eddos por v\u00e1rias freguesias do concelho. Esta estrutura permite uma resposta educativa de proximidade, assegurando a continuidade pedag\u00f3gica desde a educa\u00e7\u00e3o pr\u00e9-escolar at\u00e9 ao ensino secund\u00e1rio. Jardins de &hellip; <\/p>","protected":false},"author":1,"featured_media":0,"parent":0,"menu_order":0,"comment_status":"closed","ping_status":"closed","template":"","meta":{"rs_blank_template":"","rs_page_bg_color":"","slide_template_v7":"","footnotes":""},"class_list":["post-15833","page","type-page","status-publish","hentry"],"_links":{"self":[{"href":"https:\/\/www.aemontemor.pt\/en\/wp-json\/wp\/v2\/pages\/15833","targetHints":{"allow":["GET"]}}],"collection":[{"href":"https:\/\/www.aemontemor.pt\/en\/wp-json\/wp\/v2\/pages"}],"about":[{"href":"https:\/\/www.aemontemor.pt\/en\/wp-json\/wp\/v2\/types\/page"}],"author":[{"embeddable":true,"href":"https:\/\/www.aemontemor.pt\/en\/wp-json\/wp\/v2\/users\/1"}],"replies":[{"embeddable":true,"href":"https:\/\/www.aemontemor.pt\/en\/wp-json\/wp\/v2\/comments?post=15833"}],"version-history":[{"count":10,"href":"https:\/\/www.aemontemor.pt\/en\/wp-json\/wp\/v2\/pages\/15833\/revisions"}],"predecessor-version":[{"id":16633,"href":"https:\/\/www.aemontemor.pt\/en\/wp-json\/wp\/v2\/pages\/15833\/revisions\/16633"}],"wp:attachment":[{"href":"https:\/\/www.aemontemor.pt\/en\/wp-json\/wp\/v2\/media?parent=15833"}],"curies":[{"name":"wp","href":"https:\/\/api.w.org\/{rel}","templated":true}]}}