{"id":15859,"date":"2025-06-05T16:10:34","date_gmt":"2025-06-05T16:10:34","guid":{"rendered":"http:\/\/www.aemontemor.pt\/?page_id=15859"},"modified":"2025-06-07T19:25:53","modified_gmt":"2025-06-07T19:25:53","slug":"spo","status":"publish","type":"page","link":"https:\/\/www.aemontemor.pt\/en\/spo\/","title":{"rendered":"SPO"},"content":{"rendered":"<div data-elementor-type=\"wp-page\" data-elementor-id=\"15859\" class=\"elementor elementor-15859\">\n\t\t\t\t\t\t<section class=\"elementor-section elementor-top-section elementor-element elementor-element-72a7e79 elementor-section-stretched elementor-section-boxed elementor-section-height-default elementor-section-height-default\" data-id=\"72a7e79\" data-element_type=\"section\" data-e-type=\"section\" data-settings=\"{&quot;stretch_section&quot;:&quot;section-stretched&quot;}\">\n\t\t\t\t\t\t<div class=\"elementor-container elementor-column-gap-no\">\n\t\t\t\t\t<div class=\"elementor-column elementor-col-100 elementor-top-column elementor-element elementor-element-cd2a916\" data-id=\"cd2a916\" data-element_type=\"column\" data-e-type=\"column\">\n\t\t\t<div class=\"elementor-widget-wrap elementor-element-populated\">\n\t\t\t\t\t\t<div class=\"elementor-element elementor-element-a7063e9 elementor-widget elementor-widget-text-editor\" data-id=\"a7063e9\" data-element_type=\"widget\" data-e-type=\"widget\" data-widget_type=\"text-editor.default\">\n\t\t\t\t<div class=\"elementor-widget-container\">\n\t\t\t\t\t\t\t\t\t<p>The Psychology and Guidance Service (SPO) of the Montemor-o-Velho School Group is a specialized educational support structure that accompanies students throughout their school career. Its main objective is to promote the well-being, personal, social and academic development of students.<\/p>\t\t\t\t\t\t\t\t<\/div>\n\t\t\t\t<\/div>\n\t\t\t\t\t<\/div>\n\t\t<\/div>\n\t\t\t\t\t<\/div>\n\t\t<\/section>\n\t\t\t\t<section class=\"elementor-section elementor-top-section elementor-element elementor-element-d4c071d elementor-section-stretched elementor-section-boxed elementor-section-height-default elementor-section-height-default\" data-id=\"d4c071d\" data-element_type=\"section\" data-e-type=\"section\" data-settings=\"{&quot;stretch_section&quot;:&quot;section-stretched&quot;}\">\n\t\t\t\t\t\t<div class=\"elementor-container elementor-column-gap-no\">\n\t\t\t\t\t<div class=\"elementor-column elementor-col-50 elementor-top-column elementor-element elementor-element-e4097c8\" data-id=\"e4097c8\" data-element_type=\"column\" data-e-type=\"column\">\n\t\t\t<div class=\"elementor-widget-wrap elementor-element-populated\">\n\t\t\t\t\t\t<div class=\"elementor-element elementor-element-d9c7e5a elementor-widget__width-initial elementor-widget elementor-widget-text-editor\" data-id=\"d9c7e5a\" data-element_type=\"widget\" data-e-type=\"widget\" data-widget_type=\"text-editor.default\">\n\t\t\t\t<div class=\"elementor-widget-container\">\n\t\t\t\t\t\t\t\t\t<p data-start=\"982\" data-end=\"1025\">The SPO operates in several areas, namely:<\/p><ul data-start=\"1028\" data-end=\"1505\"><li data-start=\"1028\" data-end=\"1081\"><p data-start=\"1030\" data-end=\"1081\"><strong data-start=\"1030\" data-end=\"1069\">Psychological and psycho-pedagogical support<\/strong> to the students;<\/p><\/li><li data-start=\"1084\" data-end=\"1213\"><p data-start=\"1086\" data-end=\"1213\"><strong data-start=\"1086\" data-end=\"1141\">Collaboration with teachers and parents\/guardians<\/strong> in managing situations that affect student performance or well-being;<\/p><\/li><li data-start=\"1216\" data-end=\"1344\"><p data-start=\"1218\" data-end=\"1344\"><strong data-start=\"1218\" data-end=\"1253\">School and vocational guidance<\/strong>, helping students make decisions regarding their educational and professional path;<\/p><\/li><li data-start=\"1347\" data-end=\"1441\"><p data-start=\"1349\" data-end=\"1441\"><strong data-start=\"1349\" data-end=\"1398\">Promoting social and emotional skills<\/strong>, through individual or group actions;<\/p><\/li><li data-start=\"1444\" data-end=\"1505\"><p data-start=\"1446\" data-end=\"1505\"><strong data-start=\"1446\" data-end=\"1504\">Intervention in crisis situations or situations of psychological risk.<\/strong>.<\/p><\/li><\/ul>\t\t\t\t\t\t\t\t<\/div>\n\t\t\t\t<\/div>\n\t\t\t\t\t<\/div>\n\t\t<\/div>\n\t\t\t\t<div class=\"elementor-column elementor-col-50 elementor-top-column elementor-element elementor-element-92e497d\" data-id=\"92e497d\" data-element_type=\"column\" data-e-type=\"column\" data-settings=\"{&quot;thim_ekit_motion_fx_mouse&quot;:&quot;yes&quot;,&quot;thim_ekit_motion_fx_tilt_effect&quot;:&quot;yes&quot;,&quot;thim_ekit_motion_fx_tilt_speed&quot;:{&quot;unit&quot;:&quot;px&quot;,&quot;size&quot;:1,&quot;sizes&quot;:[]}}\">\n\t\t\t<div class=\"elementor-widget-wrap elementor-element-populated\">\n\t\t\t\t\t\t<div class=\"elementor-element elementor-element-b4c7640 elementor-widget__width-initial elementor-widget elementor-widget-thim-single-images\" data-id=\"b4c7640\" data-element_type=\"widget\" data-e-type=\"widget\" data-widget_type=\"thim-single-images.default\">\n\t\t\t\t<div class=\"elementor-widget-container\">\n\t\t\t\t\t<div class=\"single-image template-base\"><img fetchpriority=\"high\" decoding=\"async\" width=\"400\" height=\"250\" src=\"https:\/\/www.aemontemor.pt\/wp-content\/uploads\/2025\/06\/IMG_AEMontemor_SPO-400x250.jpg\" class=\"attachment-400x250 size-400x250\" alt=\"\" \/><\/div>\t\t\t\t<\/div>\n\t\t\t\t<\/div>\n\t\t\t\t\t<\/div>\n\t\t<\/div>\n\t\t\t\t\t<\/div>\n\t\t<\/section>\n\t\t\t\t<section class=\"elementor-section elementor-top-section elementor-element elementor-element-65b960a elementor-section-stretched elementor-section-boxed elementor-section-height-default elementor-section-height-default\" data-id=\"65b960a\" data-element_type=\"section\" data-e-type=\"section\" data-settings=\"{&quot;stretch_section&quot;:&quot;section-stretched&quot;}\">\n\t\t\t\t\t\t<div class=\"elementor-container elementor-column-gap-no\">\n\t\t\t\t\t<div class=\"elementor-column elementor-col-100 elementor-top-column elementor-element elementor-element-f891dc7\" data-id=\"f891dc7\" data-element_type=\"column\" data-e-type=\"column\">\n\t\t\t<div class=\"elementor-widget-wrap elementor-element-populated\">\n\t\t\t\t\t\t<div class=\"elementor-element elementor-element-464b250 elementor-widget elementor-widget-text-editor\" data-id=\"464b250\" data-element_type=\"widget\" data-e-type=\"widget\" data-widget_type=\"text-editor.default\">\n\t\t\t\t<div class=\"elementor-widget-container\">\n\t\t\t\t\t\t\t\t\t<p>The SPO is intended for <strong data-start=\"1565\" data-end=\"1599\">all students in the Group<\/strong>, as well as to <strong data-start=\"1614\" data-end=\"1679\">parents\/guardians, teachers and operational assistants<\/strong>, whenever their support is justified.<\/p><p data-start=\"1771\" data-end=\"1808\">Support can be requested:<\/p><ul data-start=\"1811\" data-end=\"1940\"><li data-start=\"1811\" data-end=\"1838\"><p data-start=\"1813\" data-end=\"1838\">Directly by the students;<\/p><\/li><li data-start=\"1841\" data-end=\"1881\"><p data-start=\"1843\" data-end=\"1881\">At the request of the parents\/guardians;<\/p><\/li><li data-start=\"1884\" data-end=\"1940\"><p data-start=\"1886\" data-end=\"1940\">As indicated by teachers or class directors.<\/p><\/li><\/ul><p>Appointments are required in advance. <strong data-start=\"2000\" data-end=\"2027\">confidential and free<\/strong>.<\/p>\t\t\t\t\t\t\t\t<\/div>\n\t\t\t\t<\/div>\n\t\t\t\t\t<\/div>\n\t\t<\/div>\n\t\t\t\t\t<\/div>\n\t\t<\/section>\n\t\t\t\t<section class=\"elementor-section elementor-top-section elementor-element elementor-element-c29998b elementor-section-stretched elementor-section-boxed elementor-section-height-default elementor-section-height-default\" data-id=\"c29998b\" data-element_type=\"section\" data-e-type=\"section\" data-settings=\"{&quot;stretch_section&quot;:&quot;section-stretched&quot;}\">\n\t\t\t\t\t\t<div class=\"elementor-container elementor-column-gap-no\">\n\t\t\t\t\t<div class=\"elementor-column elementor-col-100 elementor-top-column elementor-element elementor-element-82c3ce6\" data-id=\"82c3ce6\" data-element_type=\"column\" data-e-type=\"column\">\n\t\t\t<div class=\"elementor-widget-wrap elementor-element-populated\">\n\t\t\t\t\t\t<div class=\"elementor-element elementor-element-e677158 elementor-widget thim-widget-button\" data-id=\"e677158\" data-element_type=\"widget\" data-e-type=\"widget\" data-widget_type=\"thim-button.default\">\n\t\t\t\t<div class=\"elementor-widget-container\">\n\t\t\t\t\t<a class=\"widget-button medium\" href=\"http:\/\/www.aemontemor.pt\/en\/contactos\/\">View Contacts<\/a>\t\t\t\t<\/div>\n\t\t\t\t<\/div>\n\t\t\t\t\t<\/div>\n\t\t<\/div>\n\t\t\t\t\t<\/div>\n\t\t<\/section>\n\t\t\t\t<\/div>","protected":false},"excerpt":{"rendered":"<p>O Servi\u00e7o de Psicologia e Orienta\u00e7\u00e3o (SPO) do Agrupamento de Escolas de Montemor-o-Velho \u00e9 uma estrutura especializada de apoio educativo que acompanha os alunos ao longo do seu percurso escolar. O seu principal objetivo \u00e9 promover o bem-estar, o desenvolvimento &hellip; <\/p>","protected":false},"author":1,"featured_media":0,"parent":0,"menu_order":0,"comment_status":"closed","ping_status":"closed","template":"","meta":{"rs_blank_template":"","rs_page_bg_color":"","slide_template_v7":"","footnotes":""},"class_list":["post-15859","page","type-page","status-publish","hentry"],"_links":{"self":[{"href":"https:\/\/www.aemontemor.pt\/en\/wp-json\/wp\/v2\/pages\/15859","targetHints":{"allow":["GET"]}}],"collection":[{"href":"https:\/\/www.aemontemor.pt\/en\/wp-json\/wp\/v2\/pages"}],"about":[{"href":"https:\/\/www.aemontemor.pt\/en\/wp-json\/wp\/v2\/types\/page"}],"author":[{"embeddable":true,"href":"https:\/\/www.aemontemor.pt\/en\/wp-json\/wp\/v2\/users\/1"}],"replies":[{"embeddable":true,"href":"https:\/\/www.aemontemor.pt\/en\/wp-json\/wp\/v2\/comments?post=15859"}],"version-history":[{"count":22,"href":"https:\/\/www.aemontemor.pt\/en\/wp-json\/wp\/v2\/pages\/15859\/revisions"}],"predecessor-version":[{"id":15912,"href":"https:\/\/www.aemontemor.pt\/en\/wp-json\/wp\/v2\/pages\/15859\/revisions\/15912"}],"wp:attachment":[{"href":"https:\/\/www.aemontemor.pt\/en\/wp-json\/wp\/v2\/media?parent=15859"}],"curies":[{"name":"wp","href":"https:\/\/api.w.org\/{rel}","templated":true}]}}