{"id":15875,"date":"2025-06-07T18:18:33","date_gmt":"2025-06-07T18:18:33","guid":{"rendered":"http:\/\/www.aemontemor.pt\/?page_id=15875"},"modified":"2025-09-02T21:47:21","modified_gmt":"2025-09-02T21:47:21","slug":"organograma","status":"publish","type":"page","link":"https:\/\/www.aemontemor.pt\/en\/organograma\/","title":{"rendered":"Organizational chart"},"content":{"rendered":"<div data-elementor-type=\"wp-page\" data-elementor-id=\"15875\" class=\"elementor elementor-15875\">\n\t\t\t\t\t\t<section class=\"elementor-section elementor-top-section elementor-element elementor-element-72a7e79 elementor-section-stretched elementor-section-boxed elementor-section-height-default elementor-section-height-default\" data-id=\"72a7e79\" data-element_type=\"section\" data-e-type=\"section\" data-settings=\"{&quot;stretch_section&quot;:&quot;section-stretched&quot;}\">\n\t\t\t\t\t\t<div class=\"elementor-container elementor-column-gap-no\">\n\t\t\t\t\t<div class=\"elementor-column elementor-col-100 elementor-top-column elementor-element elementor-element-cd2a916\" data-id=\"cd2a916\" data-element_type=\"column\" data-e-type=\"column\">\n\t\t\t<div class=\"elementor-widget-wrap elementor-element-populated\">\n\t\t\t\t\t\t<div class=\"elementor-element elementor-element-a7063e9 elementor-widget elementor-widget-text-editor\" data-id=\"a7063e9\" data-element_type=\"widget\" data-e-type=\"widget\" data-widget_type=\"text-editor.default\">\n\t\t\t\t<div class=\"elementor-widget-container\">\n\t\t\t\t\t\t\t\t\t<p data-start=\"252\" data-end=\"584\">The organizational structure of the Montemor-o-Velho School Group was designed to ensure efficient, transparent, and student-centered management. Each body and team plays an essential role in the realization of the educational project, promoting academic success, inclusion, and the active participation of the educational community.<\/p><p data-start=\"586\" data-end=\"828\">The organizational chart presented reflects the articulation between the different levels of pedagogical and administrative decision-making and coordination, allowing for cohesive and collaborative action in all schools and educational establishments of the Group.<\/p>\t\t\t\t\t\t\t\t<\/div>\n\t\t\t\t<\/div>\n\t\t\t\t\t<\/div>\n\t\t<\/div>\n\t\t\t\t\t<\/div>\n\t\t<\/section>\n\t\t\t\t<section class=\"elementor-section elementor-top-section elementor-element elementor-element-d4c071d elementor-section-stretched elementor-hidden-desktop elementor-hidden-tablet elementor-hidden-mobile_extra elementor-hidden-mobile elementor-section-boxed elementor-section-height-default elementor-section-height-default\" data-id=\"d4c071d\" data-element_type=\"section\" data-e-type=\"section\" data-settings=\"{&quot;stretch_section&quot;:&quot;section-stretched&quot;}\">\n\t\t\t\t\t\t<div class=\"elementor-container elementor-column-gap-no\">\n\t\t\t\t\t<div class=\"elementor-column elementor-col-100 elementor-top-column elementor-element elementor-element-e4097c8\" data-id=\"e4097c8\" data-element_type=\"column\" data-e-type=\"column\">\n\t\t\t<div class=\"elementor-widget-wrap elementor-element-populated\">\n\t\t\t\t\t\t<div class=\"elementor-element elementor-element-916de6e elementor-widget elementor-widget-html\" data-id=\"916de6e\" data-element_type=\"widget\" data-e-type=\"widget\" data-widget_type=\"html.default\">\n\t\t\t\t<div class=\"elementor-widget-container\">\n\t\t\t\t\t<style>\n.organograma {\n  font-family: 'Segoe UI', sans-serif;\n  text-align: center;\n  display: flex;\n  flex-direction: column;\n  align-items: center;\n  gap: 1rem;\n}\n\n.nivel {\n  display: flex;\n  justify-content: center;\n  flex-wrap: wrap;\n  gap: 1rem;\n}\n\n.cargo {\n  background: #e3f2fd;\n  border: 2px solid #90caf9;\n  padding: 10px 20px;\n  border-radius: 10px;\n  min-width: 150px;\n  box-shadow: 2px 2px 6px rgba(0,0,0,0.1);\n  font-weight: 500;\n}\n\n.cargo.destaque {\n  background: #c8e6c9;\n  border-color: #66bb6a;\n}\n\n.cargo.secundario {\n  background: #fff3e0;\n  border-color: #ffb74d;\n}\n\n.cargo.terminal {\n  background: #ede7f6;\n  border-color: #9575cd;\n}\n\n.cargo.area {\n  background: #fce4ec;\n  border: 2px solid #f06292;\n}\n<\/style>\n\n<div class=\"organograma\">\n  <div class=\"nivel\">\n    <div class=\"cargo destaque\">General Council<\/div>\n  <\/div>\n  <div class=\"nivel\">\n    <div class=\"cargo destaque\">Director<\/div>\n  <\/div>\n  <div class=\"nivel\">\n    <div class=\"cargo\">Pedagogical Council<\/div>\n    <div class=\"cargo\">Board of Directors<\/div>\n    <div class=\"cargo\">Establishment Coordination<\/div>\n    <div class=\"cargo\">Class Directors Coordination<\/div>\n  <\/div>\n  <div class=\"nivel\">\n    <div class=\"cargo secundario\">Preschool Department<\/div>\n    <div class=\"cargo secundario\">Dept. 1st CEB<\/div>\n    <div class=\"cargo secundario\">Department of Languages<\/div>\n    <div class=\"cargo secundario\">Department of Human Sciences<\/div>\n    <div class=\"cargo secundario\">Department of Mathematics and C.<\/div>\n    <div class=\"cargo secundario\">Department of Expressions<\/div>\n    <div class=\"cargo secundario\">C. Libraries<\/div>\n    <div class=\"cargo secundario\">SPO<\/div>\n    <div class=\"cargo secundario\">C. of Projects<\/div>\n    <div class=\"cargo secundario\">Special Education<\/div>\n  <\/div>\n  <div class=\"nivel\">\n    <div class=\"cargo area\">Subject Area of Languages<\/div>\n    <div class=\"cargo area\">Disciplinary Area of Human Sciences<\/div>\n    <div class=\"cargo area\">Subject Area of Mathematics and Science<\/div>\n    <div class=\"cargo area\">Disciplinary Area of Expressions<\/div>\n  <\/div>\n<\/div>\n\t\t\t\t<\/div>\n\t\t\t\t<\/div>\n\t\t\t\t\t<\/div>\n\t\t<\/div>\n\t\t\t\t\t<\/div>\n\t\t<\/section>\n\t\t\t\t<section class=\"elementor-section elementor-top-section elementor-element elementor-element-7584efc elementor-section-stretched elementor-section-boxed elementor-section-height-default elementor-section-height-default\" data-id=\"7584efc\" data-element_type=\"section\" data-e-type=\"section\" data-settings=\"{&quot;stretch_section&quot;:&quot;section-stretched&quot;}\">\n\t\t\t\t\t\t<div class=\"elementor-container elementor-column-gap-no\">\n\t\t\t\t\t<div class=\"elementor-column elementor-col-100 elementor-top-column elementor-element elementor-element-91b96e1\" data-id=\"91b96e1\" data-element_type=\"column\" data-e-type=\"column\">\n\t\t\t<div class=\"elementor-widget-wrap elementor-element-populated\">\n\t\t\t\t\t\t<div class=\"elementor-element elementor-element-332a504 elementor-widget elementor-widget-image\" data-id=\"332a504\" data-element_type=\"widget\" data-e-type=\"widget\" data-widget_type=\"image.default\">\n\t\t\t\t<div class=\"elementor-widget-container\">\n\t\t\t\t\t\t\t\t\t\t\t\t\t\t\t<img fetchpriority=\"high\" decoding=\"async\" width=\"1024\" height=\"768\" src=\"https:\/\/www.aemontemor.pt\/wp-content\/uploads\/2025\/09\/Estrutura-Organica.jpg\" class=\"attachment-full size-full wp-image-17019\" alt=\"\" srcset=\"https:\/\/www.aemontemor.pt\/wp-content\/uploads\/2025\/09\/Estrutura-Organica.jpg 1024w, https:\/\/www.aemontemor.pt\/wp-content\/uploads\/2025\/09\/Estrutura-Organica-300x225.jpg 300w, https:\/\/www.aemontemor.pt\/wp-content\/uploads\/2025\/09\/Estrutura-Organica-768x576.jpg 768w, https:\/\/www.aemontemor.pt\/wp-content\/uploads\/2025\/09\/Estrutura-Organica-400x300.jpg 400w, https:\/\/www.aemontemor.pt\/wp-content\/uploads\/2025\/09\/Estrutura-Organica-600x450.jpg 600w\" sizes=\"(max-width: 1024px) 100vw, 1024px\" \/>\t\t\t\t\t\t\t\t\t\t\t\t\t\t\t<\/div>\n\t\t\t\t<\/div>\n\t\t\t\t\t<\/div>\n\t\t<\/div>\n\t\t\t\t\t<\/div>\n\t\t<\/section>\n\t\t\t\t<\/div>","protected":false},"excerpt":{"rendered":"<p>A estrutura organizativa do Agrupamento de Escolas de Montemor-o-Velho foi pensada para garantir uma gest\u00e3o eficiente, transparente e centrada nos alunos. Cada \u00f3rg\u00e3o e equipa desempenha um papel essencial na concretiza\u00e7\u00e3o do projeto educativo, promovendo o sucesso escolar, a inclus\u00e3o &hellip; <\/p>","protected":false},"author":1,"featured_media":0,"parent":0,"menu_order":0,"comment_status":"closed","ping_status":"closed","template":"","meta":{"rs_blank_template":"","rs_page_bg_color":"","slide_template_v7":"","footnotes":""},"class_list":["post-15875","page","type-page","status-publish","hentry"],"_links":{"self":[{"href":"https:\/\/www.aemontemor.pt\/en\/wp-json\/wp\/v2\/pages\/15875","targetHints":{"allow":["GET"]}}],"collection":[{"href":"https:\/\/www.aemontemor.pt\/en\/wp-json\/wp\/v2\/pages"}],"about":[{"href":"https:\/\/www.aemontemor.pt\/en\/wp-json\/wp\/v2\/types\/page"}],"author":[{"embeddable":true,"href":"https:\/\/www.aemontemor.pt\/en\/wp-json\/wp\/v2\/users\/1"}],"replies":[{"embeddable":true,"href":"https:\/\/www.aemontemor.pt\/en\/wp-json\/wp\/v2\/comments?post=15875"}],"version-history":[{"count":16,"href":"https:\/\/www.aemontemor.pt\/en\/wp-json\/wp\/v2\/pages\/15875\/revisions"}],"predecessor-version":[{"id":17026,"href":"https:\/\/www.aemontemor.pt\/en\/wp-json\/wp\/v2\/pages\/15875\/revisions\/17026"}],"wp:attachment":[{"href":"https:\/\/www.aemontemor.pt\/en\/wp-json\/wp\/v2\/media?parent=15875"}],"curies":[{"name":"wp","href":"https:\/\/api.w.org\/{rel}","templated":true}]}}