{"id":15896,"date":"2025-06-07T18:58:58","date_gmt":"2025-06-07T18:58:58","guid":{"rendered":"http:\/\/www.aemontemor.pt\/?page_id=15896"},"modified":"2025-06-07T19:09:26","modified_gmt":"2025-06-07T19:09:26","slug":"emaei","status":"publish","type":"page","link":"https:\/\/www.aemontemor.pt\/en\/emaei\/","title":{"rendered":"EMAEI"},"content":{"rendered":"<div data-elementor-type=\"wp-page\" data-elementor-id=\"15896\" class=\"elementor elementor-15896\">\n\t\t\t\t\t\t<section class=\"elementor-section elementor-top-section elementor-element elementor-element-72a7e79 elementor-section-stretched elementor-section-boxed elementor-section-height-default elementor-section-height-default\" data-id=\"72a7e79\" data-element_type=\"section\" data-e-type=\"section\" data-settings=\"{&quot;stretch_section&quot;:&quot;section-stretched&quot;}\">\n\t\t\t\t\t\t<div class=\"elementor-container elementor-column-gap-no\">\n\t\t\t\t\t<div class=\"elementor-column elementor-col-100 elementor-top-column elementor-element elementor-element-cd2a916\" data-id=\"cd2a916\" data-element_type=\"column\" data-e-type=\"column\">\n\t\t\t<div class=\"elementor-widget-wrap elementor-element-populated\">\n\t\t\t\t\t\t<div class=\"elementor-element elementor-element-a7063e9 elementor-widget elementor-widget-text-editor\" data-id=\"a7063e9\" data-element_type=\"widget\" data-e-type=\"widget\" data-widget_type=\"text-editor.default\">\n\t\t\t\t<div class=\"elementor-widget-container\">\n\t\t\t\t\t\t\t\t\t<h3 data-start=\"168\" data-end=\"237\"><strong data-start=\"172\" data-end=\"237\">Multidisciplinary Team for Inclusive Education Support (EMAEI)<\/strong><\/h3><p data-start=\"239\" data-end=\"542\">The Multidisciplinary Team for Inclusive Education Support (EMAEI) of the Montemor-o-Velho School Group plays an essential role in promoting a school for all, contributing to ensuring that each student has access to the conditions necessary for their personal, academic and social development.<\/p><p data-start=\"544\" data-end=\"814\">EMAEI is responsible for identifying, proposing, and monitoring the learning and inclusion support measures that best suit the needs of each child or young person, working collaboratively and in coordination with all stakeholders in the educational process.<\/p><p data-start=\"816\" data-end=\"1061\">This team includes <strong data-start=\"836\" data-end=\"861\">permanent elements<\/strong>, familiar with the reality and organization of the Group, and <strong data-start=\"921\" data-end=\"944\">variable elements<\/strong>, which includes professionals directly involved with students and their parents or guardians.<\/p>\t\t\t\t\t\t\t\t<\/div>\n\t\t\t\t<\/div>\n\t\t\t\t\t<\/div>\n\t\t<\/div>\n\t\t\t\t\t<\/div>\n\t\t<\/section>\n\t\t\t\t<section class=\"elementor-section elementor-top-section elementor-element elementor-element-d4c071d elementor-section-stretched elementor-section-boxed elementor-section-height-default elementor-section-height-default\" data-id=\"d4c071d\" data-element_type=\"section\" data-e-type=\"section\" data-settings=\"{&quot;stretch_section&quot;:&quot;section-stretched&quot;}\">\n\t\t\t\t\t\t<div class=\"elementor-container elementor-column-gap-no\">\n\t\t\t\t\t<div class=\"elementor-column elementor-col-50 elementor-top-column elementor-element elementor-element-e4097c8\" data-id=\"e4097c8\" data-element_type=\"column\" data-e-type=\"column\">\n\t\t\t<div class=\"elementor-widget-wrap elementor-element-populated\">\n\t\t\t\t\t\t<div class=\"elementor-element elementor-element-d9c7e5a elementor-widget__width-initial elementor-widget elementor-widget-text-editor\" data-id=\"d9c7e5a\" data-element_type=\"widget\" data-e-type=\"widget\" data-widget_type=\"text-editor.default\">\n\t\t\t\t<div class=\"elementor-widget-container\">\n\t\t\t\t\t\t\t\t\t<p data-start=\"1063\" data-end=\"1105\">Their main responsibilities include:<\/p><ul data-start=\"1106\" data-end=\"1511\"><li data-start=\"1106\" data-end=\"1178\"><p data-start=\"1108\" data-end=\"1178\">To support the implementation of inclusive teaching practices in schools;<\/p><\/li><li data-start=\"1179\" data-end=\"1237\"><p data-start=\"1181\" data-end=\"1237\">Monitor the effectiveness of the support measures implemented;<\/p><\/li><li data-start=\"1238\" data-end=\"1301\"><p data-start=\"1240\" data-end=\"1301\">To collaborate in the operation of the Learning Support Center;<\/p><\/li><li data-start=\"1302\" data-end=\"1379\"><p data-start=\"1304\" data-end=\"1379\">To advise teachers in defining and adjusting educational responses;<\/p><\/li><li data-start=\"1380\" data-end=\"1511\"><p data-start=\"1382\" data-end=\"1511\">To promote awareness-raising activities within the educational community, with a view to building a more equitable and inclusive school.<\/p><\/li><\/ul>\t\t\t\t\t\t\t\t<\/div>\n\t\t\t\t<\/div>\n\t\t\t\t\t<\/div>\n\t\t<\/div>\n\t\t\t\t<div class=\"elementor-column elementor-col-50 elementor-top-column elementor-element elementor-element-92e497d\" data-id=\"92e497d\" data-element_type=\"column\" data-e-type=\"column\" data-settings=\"{&quot;thim_ekit_motion_fx_mouse&quot;:&quot;yes&quot;,&quot;thim_ekit_motion_fx_tilt_effect&quot;:&quot;yes&quot;,&quot;thim_ekit_motion_fx_tilt_speed&quot;:{&quot;unit&quot;:&quot;px&quot;,&quot;size&quot;:1,&quot;sizes&quot;:[]}}\">\n\t\t\t<div class=\"elementor-widget-wrap elementor-element-populated\">\n\t\t\t\t\t\t<div class=\"elementor-element elementor-element-b4c7640 elementor-widget__width-initial elementor-widget elementor-widget-thim-single-images\" data-id=\"b4c7640\" data-element_type=\"widget\" data-e-type=\"widget\" data-widget_type=\"thim-single-images.default\">\n\t\t\t\t<div class=\"elementor-widget-container\">\n\t\t\t\t\t<div class=\"single-image template-base\"><img fetchpriority=\"high\" decoding=\"async\" width=\"400\" height=\"250\" src=\"https:\/\/www.aemontemor.pt\/wp-content\/uploads\/2025\/06\/IMG_EMAEI-400x250.jpg\" class=\"attachment-400x250 size-400x250\" alt=\"\" \/><\/div>\t\t\t\t<\/div>\n\t\t\t\t<\/div>\n\t\t\t\t\t<\/div>\n\t\t<\/div>\n\t\t\t\t\t<\/div>\n\t\t<\/section>\n\t\t\t\t<section class=\"elementor-section elementor-top-section elementor-element elementor-element-65b960a elementor-section-stretched elementor-section-boxed elementor-section-height-default elementor-section-height-default\" data-id=\"65b960a\" data-element_type=\"section\" data-e-type=\"section\" data-settings=\"{&quot;stretch_section&quot;:&quot;section-stretched&quot;}\">\n\t\t\t\t\t\t<div class=\"elementor-container elementor-column-gap-no\">\n\t\t\t\t\t<div class=\"elementor-column elementor-col-100 elementor-top-column elementor-element elementor-element-f891dc7\" data-id=\"f891dc7\" data-element_type=\"column\" data-e-type=\"column\">\n\t\t\t<div class=\"elementor-widget-wrap elementor-element-populated\">\n\t\t\t\t\t\t<div class=\"elementor-element elementor-element-464b250 elementor-widget elementor-widget-text-editor\" data-id=\"464b250\" data-element_type=\"widget\" data-e-type=\"widget\" data-widget_type=\"text-editor.default\">\n\t\t\t\t<div class=\"elementor-widget-container\">\n\t\t\t\t\t\t\t\t\t<p>EMAEI thus contributes to ensuring that the Group&#039;s mission, values, and strategies are aligned with the principles of inclusive education, guaranteeing that no one is left behind in their school journey.<\/p>\t\t\t\t\t\t\t\t<\/div>\n\t\t\t\t<\/div>\n\t\t\t\t\t<\/div>\n\t\t<\/div>\n\t\t\t\t\t<\/div>\n\t\t<\/section>\n\t\t\t\t<section class=\"elementor-section elementor-top-section elementor-element elementor-element-c29998b elementor-section-stretched elementor-section-boxed elementor-section-height-default elementor-section-height-default\" data-id=\"c29998b\" data-element_type=\"section\" data-e-type=\"section\" data-settings=\"{&quot;stretch_section&quot;:&quot;section-stretched&quot;}\">\n\t\t\t\t\t\t<div class=\"elementor-container elementor-column-gap-no\">\n\t\t\t\t\t<div class=\"elementor-column elementor-col-100 elementor-top-column elementor-element elementor-element-82c3ce6\" data-id=\"82c3ce6\" data-element_type=\"column\" data-e-type=\"column\">\n\t\t\t<div class=\"elementor-widget-wrap elementor-element-populated\">\n\t\t\t\t\t\t<div class=\"elementor-element elementor-element-e677158 elementor-widget thim-widget-button\" data-id=\"e677158\" data-element_type=\"widget\" data-e-type=\"widget\" data-widget_type=\"thim-button.default\">\n\t\t\t\t<div class=\"elementor-widget-container\">\n\t\t\t\t\t<a class=\"widget-button medium\" href=\"http:\/\/www.aemontemor.pt\/en\/contactos\/\">View Contacts<\/a>\t\t\t\t<\/div>\n\t\t\t\t<\/div>\n\t\t\t\t\t<\/div>\n\t\t<\/div>\n\t\t\t\t\t<\/div>\n\t\t<\/section>\n\t\t\t\t<\/div>","protected":false},"excerpt":{"rendered":"<p>Equipa Multidisciplinar de Apoio \u00e0 Educa\u00e7\u00e3o Inclusiva (EMAEI) A Equipa Multidisciplinar de Apoio \u00e0 Educa\u00e7\u00e3o Inclusiva (EMAEI) do Agrupamento de Escolas de Montemor-o-Velho assume um papel essencial na promo\u00e7\u00e3o de uma escola para todos, contribuindo para garantir que cada aluno &hellip; <\/p>","protected":false},"author":1,"featured_media":0,"parent":0,"menu_order":0,"comment_status":"closed","ping_status":"closed","template":"","meta":{"rs_blank_template":"","rs_page_bg_color":"","slide_template_v7":"","footnotes":""},"class_list":["post-15896","page","type-page","status-publish","hentry"],"_links":{"self":[{"href":"https:\/\/www.aemontemor.pt\/en\/wp-json\/wp\/v2\/pages\/15896","targetHints":{"allow":["GET"]}}],"collection":[{"href":"https:\/\/www.aemontemor.pt\/en\/wp-json\/wp\/v2\/pages"}],"about":[{"href":"https:\/\/www.aemontemor.pt\/en\/wp-json\/wp\/v2\/types\/page"}],"author":[{"embeddable":true,"href":"https:\/\/www.aemontemor.pt\/en\/wp-json\/wp\/v2\/users\/1"}],"replies":[{"embeddable":true,"href":"https:\/\/www.aemontemor.pt\/en\/wp-json\/wp\/v2\/comments?post=15896"}],"version-history":[{"count":7,"href":"https:\/\/www.aemontemor.pt\/en\/wp-json\/wp\/v2\/pages\/15896\/revisions"}],"predecessor-version":[{"id":15904,"href":"https:\/\/www.aemontemor.pt\/en\/wp-json\/wp\/v2\/pages\/15896\/revisions\/15904"}],"wp:attachment":[{"href":"https:\/\/www.aemontemor.pt\/en\/wp-json\/wp\/v2\/media?parent=15896"}],"curies":[{"name":"wp","href":"https:\/\/api.w.org\/{rel}","templated":true}]}}