{"id":16009,"date":"2025-06-12T09:43:19","date_gmt":"2025-06-12T09:43:19","guid":{"rendered":"http:\/\/www.aemontemor.pt\/?page_id=16009"},"modified":"2025-06-12T10:41:52","modified_gmt":"2025-06-12T10:41:52","slug":"oferta-formativa","status":"publish","type":"page","link":"https:\/\/www.aemontemor.pt\/en\/oferta-formativa\/","title":{"rendered":"Training Offer"},"content":{"rendered":"<div data-elementor-type=\"wp-page\" data-elementor-id=\"16009\" class=\"elementor elementor-16009\">\n\t\t\t\t\t\t<section class=\"elementor-section elementor-top-section elementor-element elementor-element-11d77694 elementor-section-stretched elementor-section-boxed elementor-section-height-default elementor-section-height-default\" data-id=\"11d77694\" data-element_type=\"section\" data-e-type=\"section\" data-settings=\"{&quot;stretch_section&quot;:&quot;section-stretched&quot;}\">\n\t\t\t\t\t\t<div class=\"elementor-container elementor-column-gap-no\">\n\t\t\t\t\t<div class=\"elementor-column elementor-col-100 elementor-top-column elementor-element elementor-element-30c45465\" data-id=\"30c45465\" data-element_type=\"column\" data-e-type=\"column\">\n\t\t\t<div class=\"elementor-widget-wrap elementor-element-populated\">\n\t\t\t\t\t\t<div class=\"elementor-element elementor-element-87149e7 elementor-widget elementor-widget-text-editor\" data-id=\"87149e7\" data-element_type=\"widget\" data-e-type=\"widget\" data-widget_type=\"text-editor.default\">\n\t\t\t\t<div class=\"elementor-widget-container\">\n\t\t\t\t\t\t\t\t\t<h2 data-start=\"203\" data-end=\"246\">Educational and Training Offer 2025\/2026<\/h2><p data-start=\"247\" data-end=\"274\"><strong data-start=\"247\" data-end=\"274\">Your Future Is Here!<\/strong><\/p><h3 data-start=\"281\" data-end=\"305\">Preschool Education<\/h3><ul data-start=\"307\" data-end=\"588\"><li data-start=\"307\" data-end=\"340\"><p data-start=\"309\" data-end=\"340\">Arazede Kindergarten<\/p><\/li><li data-start=\"341\" data-end=\"374\"><p data-start=\"343\" data-end=\"374\">Bunhosa Kindergarten<\/p><\/li><li data-start=\"375\" data-end=\"413\"><p data-start=\"377\" data-end=\"413\">Carapinheira Kindergarten<\/p><\/li><li data-start=\"414\" data-end=\"445\"><p data-start=\"416\" data-end=\"445\">Me\u00e3s Kindergarten<\/p><\/li><li data-start=\"446\" data-end=\"488\"><p data-start=\"448\" data-end=\"488\">Montemor-o-Velho Kindergarten<\/p><\/li><li data-start=\"489\" data-end=\"522\"><p data-start=\"491\" data-end=\"522\">Pereira Kindergarten<\/p><\/li><li data-start=\"523\" data-end=\"554\"><p data-start=\"525\" data-end=\"554\">Seixo Kindergarten<\/p><\/li><li data-start=\"555\" data-end=\"588\"><p data-start=\"557\" data-end=\"588\">Tojeiro Kindergarten<\/p><\/li><\/ul><h3 data-start=\"595\" data-end=\"625\">1st Cycle of Basic Education<\/h3><ul data-start=\"627\" data-end=\"777\"><li data-start=\"627\" data-end=\"650\"><p data-start=\"629\" data-end=\"650\">Carapinheira Primary School<\/p><\/li><li data-start=\"651\" data-end=\"668\"><p data-start=\"653\" data-end=\"668\">Arazede Elementary School<\/p><\/li><li data-start=\"669\" data-end=\"684\"><p data-start=\"671\" data-end=\"684\">EB1 do Viso<\/p><\/li><li data-start=\"685\" data-end=\"701\"><p data-start=\"687\" data-end=\"701\">Seixo Primary School<\/p><\/li><li data-start=\"702\" data-end=\"721\"><p data-start=\"704\" data-end=\"721\">Montemor Primary School<\/p><\/li><li data-start=\"722\" data-end=\"738\"><p data-start=\"724\" data-end=\"738\">Me\u00e3s Primary School<\/p><\/li><li data-start=\"739\" data-end=\"758\"><p data-start=\"741\" data-end=\"758\">Tent\u00fagal Primary School<\/p><\/li><li data-start=\"759\" data-end=\"777\"><p data-start=\"761\" data-end=\"777\">Pereira Primary School<\/p><\/li><\/ul><h3 data-start=\"784\" data-end=\"838\">2nd and 3rd Cycles of Basic Education (5th to 9th grade)<\/h3><ul data-start=\"840\" data-end=\"923\"><li data-start=\"840\" data-end=\"857\"><p data-start=\"842\" data-end=\"857\">Arazede Elementary School<\/p><\/li><li data-start=\"858\" data-end=\"876\"><p data-start=\"860\" data-end=\"876\">EBI of Pereira<\/p><\/li><li data-start=\"877\" data-end=\"903\"><p data-start=\"879\" data-end=\"903\">EB 2,3 of Carapinheira<\/p><\/li><li data-start=\"904\" data-end=\"923\"><p data-start=\"906\" data-end=\"923\">Montemor Secondary School<\/p><\/li><\/ul><h3 data-start=\"930\" data-end=\"980\">Regular Secondary Education (10th to 12th grade)<\/h3><p data-start=\"981\" data-end=\"1000\"><strong data-start=\"981\" data-end=\"1000\">Montemor Secondary School<\/strong><\/p><p data-start=\"1002\" data-end=\"1037\"><strong data-start=\"1002\" data-end=\"1037\">Scientific-Humanistic Courses:<\/strong><\/p><ul data-start=\"1039\" data-end=\"1111\"><li data-start=\"1039\" data-end=\"1065\"><p data-start=\"1041\" data-end=\"1065\">Science and Technology<\/p><\/li><li data-start=\"1066\" data-end=\"1091\"><p data-start=\"1068\" data-end=\"1091\">Languages and Humanities<\/p><\/li><li data-start=\"1092\" data-end=\"1111\"><p data-start=\"1094\" data-end=\"1111\">Socioeconomic<\/p><\/li><\/ul><h3 data-start=\"930\" data-end=\"980\">Secondary Education \u2013 Vocational<\/h3><p data-start=\"981\" data-end=\"1000\"><strong data-start=\"981\" data-end=\"1000\">Montemor Secondary School<\/strong><\/p><p data-start=\"981\" data-end=\"1000\"><strong data-start=\"981\" data-end=\"1000\">Professional Courses<\/strong><\/p><ul data-start=\"1039\" data-end=\"1111\"><li data-start=\"1039\" data-end=\"1065\"><p data-start=\"1041\" data-end=\"1065\">Sports Technician<\/p><\/li><li data-start=\"1066\" data-end=\"1091\"><p data-start=\"1068\" data-end=\"1091\">Computer Equipment Management Technician<\/p><\/li><\/ul>\t\t\t\t\t\t\t\t<\/div>\n\t\t\t\t<\/div>\n\t\t\t\t\t<\/div>\n\t\t<\/div>\n\t\t\t\t\t<\/div>\n\t\t<\/section>\n\t\t\t\t<section class=\"elementor-section elementor-top-section elementor-element elementor-element-c11f00f elementor-section-stretched elementor-section-boxed elementor-section-height-default elementor-section-height-default\" data-id=\"c11f00f\" data-element_type=\"section\" data-e-type=\"section\" data-settings=\"{&quot;stretch_section&quot;:&quot;section-stretched&quot;}\">\n\t\t\t\t\t\t<div class=\"elementor-container elementor-column-gap-no\">\n\t\t\t\t\t<div class=\"elementor-column elementor-col-100 elementor-top-column elementor-element elementor-element-429ddef\" data-id=\"429ddef\" data-element_type=\"column\" data-e-type=\"column\">\n\t\t\t<div class=\"elementor-widget-wrap elementor-element-populated\">\n\t\t\t\t\t\t<div class=\"elementor-element elementor-element-23277b5 elementor-widget elementor-widget-text-editor\" data-id=\"23277b5\" data-element_type=\"widget\" data-e-type=\"widget\" data-widget_type=\"text-editor.default\">\n\t\t\t\t<div class=\"elementor-widget-container\">\n\t\t\t\t\t\t\t\t\t<h3><strong>Want to know more or visit the school? Contact us or schedule a visit! We&#039;re waiting for you.<\/strong><\/h3>\t\t\t\t\t\t\t\t<\/div>\n\t\t\t\t<\/div>\n\t\t\t\t<div class=\"elementor-element elementor-element-4d6c806 elementor-widget elementor-widget-spacer\" data-id=\"4d6c806\" data-element_type=\"widget\" data-e-type=\"widget\" data-widget_type=\"spacer.default\">\n\t\t\t\t<div class=\"elementor-widget-container\">\n\t\t\t\t\t\t\t<div class=\"elementor-spacer\">\n\t\t\t<div class=\"elementor-spacer-inner\"><\/div>\n\t\t<\/div>\n\t\t\t\t\t\t<\/div>\n\t\t\t\t<\/div>\n\t\t\t\t<div class=\"elementor-element elementor-element-ff58870 elementor-widget thim-widget-button\" data-id=\"ff58870\" data-element_type=\"widget\" data-e-type=\"widget\" data-widget_type=\"thim-button.default\">\n\t\t\t\t<div class=\"elementor-widget-container\">\n\t\t\t\t\t<a class=\"widget-button medium\" href=\"http:\/\/www.aemontemor.pt\/en\/contactos\/\">View Contacts<\/a>\t\t\t\t<\/div>\n\t\t\t\t<\/div>\n\t\t\t\t\t<\/div>\n\t\t<\/div>\n\t\t\t\t\t<\/div>\n\t\t<\/section>\n\t\t\t\t<section class=\"elementor-section elementor-top-section elementor-element elementor-element-b7ed50a elementor-section-stretched elementor-section-boxed elementor-section-height-default elementor-section-height-default\" data-id=\"b7ed50a\" data-element_type=\"section\" data-e-type=\"section\" data-settings=\"{&quot;stretch_section&quot;:&quot;section-stretched&quot;}\">\n\t\t\t\t\t\t<div class=\"elementor-container elementor-column-gap-no\">\n\t\t\t\t\t<div class=\"elementor-column elementor-col-100 elementor-top-column elementor-element elementor-element-ff191ee\" data-id=\"ff191ee\" data-element_type=\"column\" data-e-type=\"column\">\n\t\t\t<div class=\"elementor-widget-wrap\">\n\t\t\t\t\t\t\t<\/div>\n\t\t<\/div>\n\t\t\t\t\t<\/div>\n\t\t<\/section>\n\t\t\t\t<\/div>","protected":false},"excerpt":{"rendered":"<p>Oferta Educativa e Formativa 2025\/2026 O Teu Futuro Est\u00e1 Aqui! Educa\u00e7\u00e3o Pr\u00e9-Escolar Jardim de Inf\u00e2ncia de Arazede Jardim de Inf\u00e2ncia da Bunhosa Jardim de Inf\u00e2ncia da Carapinheira Jardim de Inf\u00e2ncia das Me\u00e3s Jardim de Inf\u00e2ncia de Montemor-o-Velho Jardim de Inf\u00e2ncia &hellip; <\/p>","protected":false},"author":1,"featured_media":0,"parent":0,"menu_order":0,"comment_status":"closed","ping_status":"closed","template":"","meta":{"rs_blank_template":"","rs_page_bg_color":"","slide_template_v7":"","footnotes":""},"class_list":["post-16009","page","type-page","status-publish","hentry"],"_links":{"self":[{"href":"https:\/\/www.aemontemor.pt\/en\/wp-json\/wp\/v2\/pages\/16009","targetHints":{"allow":["GET"]}}],"collection":[{"href":"https:\/\/www.aemontemor.pt\/en\/wp-json\/wp\/v2\/pages"}],"about":[{"href":"https:\/\/www.aemontemor.pt\/en\/wp-json\/wp\/v2\/types\/page"}],"author":[{"embeddable":true,"href":"https:\/\/www.aemontemor.pt\/en\/wp-json\/wp\/v2\/users\/1"}],"replies":[{"embeddable":true,"href":"https:\/\/www.aemontemor.pt\/en\/wp-json\/wp\/v2\/comments?post=16009"}],"version-history":[{"count":19,"href":"https:\/\/www.aemontemor.pt\/en\/wp-json\/wp\/v2\/pages\/16009\/revisions"}],"predecessor-version":[{"id":16028,"href":"https:\/\/www.aemontemor.pt\/en\/wp-json\/wp\/v2\/pages\/16009\/revisions\/16028"}],"wp:attachment":[{"href":"https:\/\/www.aemontemor.pt\/en\/wp-json\/wp\/v2\/media?parent=16009"}],"curies":[{"name":"wp","href":"https:\/\/api.w.org\/{rel}","templated":true}]}}