{"id":16383,"date":"2025-07-19T17:22:13","date_gmt":"2025-07-19T17:22:13","guid":{"rendered":"http:\/\/www.aemontemor.pt\/?page_id=16383"},"modified":"2025-07-19T17:25:38","modified_gmt":"2025-07-19T17:25:38","slug":"erasmus","status":"publish","type":"page","link":"https:\/\/www.aemontemor.pt\/en\/erasmus\/","title":{"rendered":"Erasmus+"},"content":{"rendered":"<div data-elementor-type=\"wp-page\" data-elementor-id=\"16383\" class=\"elementor elementor-16383\">\n\t\t\t\t\t\t<section class=\"elementor-section elementor-top-section elementor-element elementor-element-11d77694 elementor-section-stretched elementor-section-boxed elementor-section-height-default elementor-section-height-default\" data-id=\"11d77694\" data-element_type=\"section\" data-e-type=\"section\" data-settings=\"{&quot;stretch_section&quot;:&quot;section-stretched&quot;}\">\n\t\t\t\t\t\t<div class=\"elementor-container elementor-column-gap-no\">\n\t\t\t\t\t<div class=\"elementor-column elementor-col-100 elementor-top-column elementor-element elementor-element-30c45465\" data-id=\"30c45465\" data-element_type=\"column\" data-e-type=\"column\">\n\t\t\t<div class=\"elementor-widget-wrap elementor-element-populated\">\n\t\t\t\t\t\t<div class=\"elementor-element elementor-element-78318ae elementor-widget elementor-widget-image\" data-id=\"78318ae\" data-element_type=\"widget\" data-e-type=\"widget\" data-widget_type=\"image.default\">\n\t\t\t\t<div class=\"elementor-widget-container\">\n\t\t\t\t\t\t\t\t\t\t\t\t\t\t\t<img fetchpriority=\"high\" decoding=\"async\" width=\"640\" height=\"226\" src=\"https:\/\/www.aemontemor.pt\/wp-content\/uploads\/2025\/07\/Erasmus-768x271.jpg\" class=\"attachment-medium_large size-medium_large wp-image-16388\" alt=\"\" srcset=\"https:\/\/www.aemontemor.pt\/wp-content\/uploads\/2025\/07\/Erasmus-768x271.jpg 768w, https:\/\/www.aemontemor.pt\/wp-content\/uploads\/2025\/07\/Erasmus-300x106.jpg 300w, https:\/\/www.aemontemor.pt\/wp-content\/uploads\/2025\/07\/Erasmus-1024x362.jpg 1024w, https:\/\/www.aemontemor.pt\/wp-content\/uploads\/2025\/07\/Erasmus-1536x542.jpg 1536w, https:\/\/www.aemontemor.pt\/wp-content\/uploads\/2025\/07\/Erasmus-600x212.jpg 600w, https:\/\/www.aemontemor.pt\/wp-content\/uploads\/2025\/07\/Erasmus.jpg 1920w\" sizes=\"(max-width: 640px) 100vw, 640px\" \/>\t\t\t\t\t\t\t\t\t\t\t\t\t\t\t<\/div>\n\t\t\t\t<\/div>\n\t\t\t\t<div class=\"elementor-element elementor-element-87149e7 elementor-widget elementor-widget-text-editor\" data-id=\"87149e7\" data-element_type=\"widget\" data-e-type=\"widget\" data-widget_type=\"text-editor.default\">\n\t\t\t\t<div class=\"elementor-widget-container\">\n\t\t\t\t\t\t\t\t\t<h3 data-start=\"258\" data-end=\"314\"><strong data-start=\"265\" data-end=\"314\">Learning Opportunities Beyond Borders<\/strong><\/h3><p data-start=\"316\" data-end=\"751\">O <strong data-start=\"318\" data-end=\"339\">Erasmus+ Programme<\/strong> It is a European initiative that offers students, teachers, and non-teaching staff the opportunity to participate in <strong data-start=\"458\" data-end=\"512\">international mobility and cooperation projects<\/strong>. By engaging in internships, exchanges, training programs, or collaborative activities in other countries, participants have the opportunity to <strong data-start=\"649\" data-end=\"697\">broaden horizons, develop skills<\/strong> and enrich their educational and professional journey.<\/p><h3 data-start=\"758\" data-end=\"803\"><strong data-start=\"765\" data-end=\"803\">Collaboration and Innovation in Education<\/strong><\/h3><p data-start=\"805\" data-end=\"1182\">Erasmus+ promotes <strong data-start=\"826\" data-end=\"917\">cooperation between schools, educational institutions and partner organizations across Europe<\/strong>, encouraging innovation, the development of best practices and the continuous improvement of the quality of education. These partnerships create an environment conducive to the growth of all involved, valuing teamwork, interculturality and active citizenship.<\/p><h3 data-start=\"1189\" data-end=\"1231\"><strong data-start=\"1196\" data-end=\"1231\">Mobility: incoming and outgoing<\/strong><\/h3><p data-start=\"1233\" data-end=\"1362\">The Montemor-o-Velho School Group actively participates in Erasmus+ projects involving <strong data-start=\"1333\" data-end=\"1361\">international mobility<\/strong>:<\/p><ul data-start=\"1364\" data-end=\"1642\"><li data-start=\"1364\" data-end=\"1486\"><p data-start=\"1366\" data-end=\"1486\"><strong data-start=\"1366\" data-end=\"1378\">Outgoing<\/strong>Sending students, teachers, and technicians for learning and training experiences in other European countries;<\/p><\/li><li data-start=\"1487\" data-end=\"1642\"><p data-start=\"1489\" data-end=\"1642\"><strong data-start=\"1489\" data-end=\"1501\">Incoming<\/strong>Welcoming foreign participants who visit our school, contributing to a more diverse and international educational environment.<\/p><\/li><\/ul><h3 data-start=\"1649\" data-end=\"1691\">Erasmus+: a life-changing experience<\/h3><p data-start=\"1693\" data-end=\"1910\">Through Erasmus+, participants develop <strong data-start=\"1743\" data-end=\"1823\">autonomy, responsibility, social, cultural and professional skills<\/strong>, better preparing for the challenges of an increasingly global and interconnected world.<\/p>\t\t\t\t\t\t\t\t<\/div>\n\t\t\t\t<\/div>\n\t\t\t\t\t<\/div>\n\t\t<\/div>\n\t\t\t\t\t<\/div>\n\t\t<\/section>\n\t\t\t\t<section class=\"elementor-section elementor-top-section elementor-element elementor-element-c11f00f elementor-section-stretched elementor-section-boxed elementor-section-height-default elementor-section-height-default\" data-id=\"c11f00f\" data-element_type=\"section\" data-e-type=\"section\" data-settings=\"{&quot;stretch_section&quot;:&quot;section-stretched&quot;}\">\n\t\t\t\t\t\t<div class=\"elementor-container elementor-column-gap-no\">\n\t\t\t\t\t<div class=\"elementor-column elementor-col-100 elementor-top-column elementor-element elementor-element-429ddef\" data-id=\"429ddef\" data-element_type=\"column\" data-e-type=\"column\">\n\t\t\t<div class=\"elementor-widget-wrap elementor-element-populated\">\n\t\t\t\t\t\t<div class=\"elementor-element elementor-element-23277b5 elementor-widget elementor-widget-text-editor\" data-id=\"23277b5\" data-element_type=\"widget\" data-e-type=\"widget\" data-widget_type=\"text-editor.default\">\n\t\t\t\t<div class=\"elementor-widget-container\">\n\t\t\t\t\t\t\t\t\t<h3><strong>Want to know more or visit the school? Contact us or schedule a visit! We&#039;re waiting for you.<\/strong><\/h3>\t\t\t\t\t\t\t\t<\/div>\n\t\t\t\t<\/div>\n\t\t\t\t<div class=\"elementor-element elementor-element-4d6c806 elementor-widget elementor-widget-spacer\" data-id=\"4d6c806\" data-element_type=\"widget\" data-e-type=\"widget\" data-widget_type=\"spacer.default\">\n\t\t\t\t<div class=\"elementor-widget-container\">\n\t\t\t\t\t\t\t<div class=\"elementor-spacer\">\n\t\t\t<div class=\"elementor-spacer-inner\"><\/div>\n\t\t<\/div>\n\t\t\t\t\t\t<\/div>\n\t\t\t\t<\/div>\n\t\t\t\t<div class=\"elementor-element elementor-element-ff58870 elementor-widget thim-widget-button\" data-id=\"ff58870\" data-element_type=\"widget\" data-e-type=\"widget\" data-widget_type=\"thim-button.default\">\n\t\t\t\t<div class=\"elementor-widget-container\">\n\t\t\t\t\t<a class=\"widget-button medium\" href=\"http:\/\/www.aemontemor.pt\/en\/contactos\/\">View Contacts<\/a>\t\t\t\t<\/div>\n\t\t\t\t<\/div>\n\t\t\t\t\t<\/div>\n\t\t<\/div>\n\t\t\t\t\t<\/div>\n\t\t<\/section>\n\t\t\t\t<section class=\"elementor-section elementor-top-section elementor-element elementor-element-b7ed50a elementor-section-stretched elementor-section-boxed elementor-section-height-default elementor-section-height-default\" data-id=\"b7ed50a\" data-element_type=\"section\" data-e-type=\"section\" data-settings=\"{&quot;stretch_section&quot;:&quot;section-stretched&quot;}\">\n\t\t\t\t\t\t<div class=\"elementor-container elementor-column-gap-no\">\n\t\t\t\t\t<div class=\"elementor-column elementor-col-100 elementor-top-column elementor-element elementor-element-ff191ee\" data-id=\"ff191ee\" data-element_type=\"column\" data-e-type=\"column\">\n\t\t\t<div class=\"elementor-widget-wrap\">\n\t\t\t\t\t\t\t<\/div>\n\t\t<\/div>\n\t\t\t\t\t<\/div>\n\t\t<\/section>\n\t\t\t\t<\/div>","protected":false},"excerpt":{"rendered":"<p>Oportunidades de Aprendizagem Al\u00e9m-Fronteiras O Programa Erasmus+ \u00e9 uma iniciativa europeia que oferece a alunos, professores e t\u00e9cnicos n\u00e3o docentes a oportunidade de participarem em projetos internacionais de mobilidade e coopera\u00e7\u00e3o. Ao envolver-se em est\u00e1gios, interc\u00e2mbios, forma\u00e7\u00f5es ou atividades colaborativas &hellip; <\/p>","protected":false},"author":1,"featured_media":0,"parent":0,"menu_order":0,"comment_status":"closed","ping_status":"closed","template":"","meta":{"rs_blank_template":"","rs_page_bg_color":"","slide_template_v7":"","footnotes":""},"class_list":["post-16383","page","type-page","status-publish","hentry"],"_links":{"self":[{"href":"https:\/\/www.aemontemor.pt\/en\/wp-json\/wp\/v2\/pages\/16383","targetHints":{"allow":["GET"]}}],"collection":[{"href":"https:\/\/www.aemontemor.pt\/en\/wp-json\/wp\/v2\/pages"}],"about":[{"href":"https:\/\/www.aemontemor.pt\/en\/wp-json\/wp\/v2\/types\/page"}],"author":[{"embeddable":true,"href":"https:\/\/www.aemontemor.pt\/en\/wp-json\/wp\/v2\/users\/1"}],"replies":[{"embeddable":true,"href":"https:\/\/www.aemontemor.pt\/en\/wp-json\/wp\/v2\/comments?post=16383"}],"version-history":[{"count":7,"href":"https:\/\/www.aemontemor.pt\/en\/wp-json\/wp\/v2\/pages\/16383\/revisions"}],"predecessor-version":[{"id":16391,"href":"https:\/\/www.aemontemor.pt\/en\/wp-json\/wp\/v2\/pages\/16383\/revisions\/16391"}],"wp:attachment":[{"href":"https:\/\/www.aemontemor.pt\/en\/wp-json\/wp\/v2\/media?parent=16383"}],"curies":[{"name":"wp","href":"https:\/\/api.w.org\/{rel}","templated":true}]}}