{"id":16394,"date":"2025-07-19T17:51:56","date_gmt":"2025-07-19T17:51:56","guid":{"rendered":"http:\/\/www.aemontemor.pt\/?page_id=16394"},"modified":"2025-07-24T10:31:52","modified_gmt":"2025-07-24T10:31:52","slug":"salaled-2","status":"publish","type":"page","link":"https:\/\/www.aemontemor.pt\/en\/salaled-2\/","title":{"rendered":"LED Room 2"},"content":{"rendered":"<div data-elementor-type=\"wp-page\" data-elementor-id=\"16394\" class=\"elementor elementor-16394\">\n\t\t\t\t\t\t<section class=\"elementor-section elementor-top-section elementor-element elementor-element-11d77694 elementor-section-stretched elementor-section-boxed elementor-section-height-default elementor-section-height-default\" data-id=\"11d77694\" data-element_type=\"section\" data-e-type=\"section\" data-settings=\"{&quot;stretch_section&quot;:&quot;section-stretched&quot;}\">\n\t\t\t\t\t\t<div class=\"elementor-container elementor-column-gap-no\">\n\t\t\t\t\t<div class=\"elementor-column elementor-col-100 elementor-top-column elementor-element elementor-element-30c45465\" data-id=\"30c45465\" data-element_type=\"column\" data-e-type=\"column\">\n\t\t\t<div class=\"elementor-widget-wrap elementor-element-populated\">\n\t\t\t\t\t\t<div class=\"elementor-element elementor-element-78318ae elementor-widget elementor-widget-image\" data-id=\"78318ae\" data-element_type=\"widget\" data-e-type=\"widget\" data-widget_type=\"image.default\">\n\t\t\t\t<div class=\"elementor-widget-container\">\n\t\t\t\t\t\t\t\t\t\t\t\t\t\t\t<img decoding=\"async\" width=\"300\" height=\"142\" src=\"https:\/\/www.aemontemor.pt\/wp-content\/uploads\/2025\/07\/LED_AEMOV.png\" class=\"attachment-medium_large size-medium_large wp-image-16396\" alt=\"\" \/>\t\t\t\t\t\t\t\t\t\t\t\t\t\t\t<\/div>\n\t\t\t\t<\/div>\n\t\t\t\t<div class=\"elementor-element elementor-element-87149e7 elementor-widget elementor-widget-text-editor\" data-id=\"87149e7\" data-element_type=\"widget\" data-e-type=\"widget\" data-widget_type=\"text-editor.default\">\n\t\t\t\t<div class=\"elementor-widget-container\">\n\t\t\t\t\t\t\t\t\t<p>A <strong data-start=\"550\" data-end=\"564\">LED Room 2<\/strong> The Montemor-o-Velho School Group is an innovative space created within the scope of <strong data-start=\"653\" data-end=\"695\">Digital Education Laboratories (LED)<\/strong>, with the objective of <strong data-start=\"715\" data-end=\"800\">Transforming pedagogical practices through the integration of digital technologies.<\/strong>. Here, teachers and students have at their disposal a modern and flexible environment that promotes active teaching and learning methodologies.<\/p>\t\t\t\t\t\t\t\t<\/div>\n\t\t\t\t<\/div>\n\t\t\t\t<div class=\"elementor-element elementor-element-da81ef7 elementor-widget elementor-widget-text-editor\" data-id=\"da81ef7\" data-element_type=\"widget\" data-e-type=\"widget\" data-widget_type=\"text-editor.default\">\n\t\t\t\t<div class=\"elementor-widget-container\">\n\t\t\t\t\t\t\t\t\t<p>Type 2 Digital Education Laboratories (LED 2) consist of the following three areas:<br \/>Common Area, Programming and Robotics Area, and Arts and Multimedia Area.<\/p>\t\t\t\t\t\t\t\t<\/div>\n\t\t\t\t<\/div>\n\t\t\t\t\t<\/div>\n\t\t<\/div>\n\t\t\t\t\t<\/div>\n\t\t<\/section>\n\t\t\t\t<section class=\"elementor-section elementor-top-section elementor-element elementor-element-1ab718d elementor-section-stretched elementor-section-boxed elementor-section-height-default elementor-section-height-default\" data-id=\"1ab718d\" data-element_type=\"section\" data-e-type=\"section\" data-settings=\"{&quot;stretch_section&quot;:&quot;section-stretched&quot;}\">\n\t\t\t\t\t\t<div class=\"elementor-container elementor-column-gap-no\">\n\t\t\t\t\t<div class=\"elementor-column elementor-col-33 elementor-top-column elementor-element elementor-element-5935780\" data-id=\"5935780\" data-element_type=\"column\" data-e-type=\"column\">\n\t\t\t<div class=\"elementor-widget-wrap elementor-element-populated\">\n\t\t\t\t\t\t<div class=\"elementor-element elementor-element-ce8638f elementor-position-top elementor-widget elementor-widget-image-box\" data-id=\"ce8638f\" data-element_type=\"widget\" data-e-type=\"widget\" data-widget_type=\"image-box.default\">\n\t\t\t\t<div class=\"elementor-widget-container\">\n\t\t\t\t\t<div class=\"elementor-image-box-wrapper\"><figure class=\"elementor-image-box-img\"><a href=\"https:\/\/led.dge.medu.pt\/cenarios-de-aprendizagem\" target=\"_blank\" tabindex=\"-1\"><img fetchpriority=\"high\" decoding=\"async\" width=\"1000\" height=\"667\" src=\"https:\/\/www.aemontemor.pt\/wp-content\/uploads\/2025\/07\/Cenarios_Aprendizagem-1.jpg\" class=\"attachment-full size-full wp-image-16420\" alt=\"\" srcset=\"https:\/\/www.aemontemor.pt\/wp-content\/uploads\/2025\/07\/Cenarios_Aprendizagem-1.jpg 1000w, https:\/\/www.aemontemor.pt\/wp-content\/uploads\/2025\/07\/Cenarios_Aprendizagem-1-300x200.jpg 300w, https:\/\/www.aemontemor.pt\/wp-content\/uploads\/2025\/07\/Cenarios_Aprendizagem-1-768x512.jpg 768w, https:\/\/www.aemontemor.pt\/wp-content\/uploads\/2025\/07\/Cenarios_Aprendizagem-1-600x400.jpg 600w\" sizes=\"(max-width: 1000px) 100vw, 1000px\" \/><\/a><\/figure><div class=\"elementor-image-box-content\"><h3 class=\"elementor-image-box-title\"><a href=\"https:\/\/led.dge.medu.pt\/cenarios-de-aprendizagem\" target=\"_blank\">Learning Scenarios<\/a><\/h3><p class=\"elementor-image-box-description\">Select the Level \/ Discipline: LED Type 2:<\/p><\/div><\/div>\t\t\t\t<\/div>\n\t\t\t\t<\/div>\n\t\t\t\t\t<\/div>\n\t\t<\/div>\n\t\t\t\t<div class=\"elementor-column elementor-col-33 elementor-top-column elementor-element elementor-element-6da2baa\" data-id=\"6da2baa\" data-element_type=\"column\" data-e-type=\"column\">\n\t\t\t<div class=\"elementor-widget-wrap elementor-element-populated\">\n\t\t\t\t\t\t<div class=\"elementor-element elementor-element-030cfdb elementor-position-top elementor-widget elementor-widget-image-box\" data-id=\"030cfdb\" data-element_type=\"widget\" data-e-type=\"widget\" data-widget_type=\"image-box.default\">\n\t\t\t\t<div class=\"elementor-widget-container\">\n\t\t\t\t\t<div class=\"elementor-image-box-wrapper\"><figure class=\"elementor-image-box-img\"><a href=\"https:\/\/led.dge.medu.pt\/led-tipo-2\" target=\"_blank\" tabindex=\"-1\"><img decoding=\"async\" width=\"2560\" height=\"1454\" src=\"https:\/\/www.aemontemor.pt\/wp-content\/uploads\/2025\/07\/Logo-LED-negro-Tx-negro-HR-scaled.png\" class=\"attachment-full size-full wp-image-16414\" alt=\"\" srcset=\"https:\/\/www.aemontemor.pt\/wp-content\/uploads\/2025\/07\/Logo-LED-negro-Tx-negro-HR-scaled.png 2560w, https:\/\/www.aemontemor.pt\/wp-content\/uploads\/2025\/07\/Logo-LED-negro-Tx-negro-HR-300x170.png 300w, https:\/\/www.aemontemor.pt\/wp-content\/uploads\/2025\/07\/Logo-LED-negro-Tx-negro-HR-1024x582.png 1024w, https:\/\/www.aemontemor.pt\/wp-content\/uploads\/2025\/07\/Logo-LED-negro-Tx-negro-HR-768x436.png 768w, https:\/\/www.aemontemor.pt\/wp-content\/uploads\/2025\/07\/Logo-LED-negro-Tx-negro-HR-1536x872.png 1536w, https:\/\/www.aemontemor.pt\/wp-content\/uploads\/2025\/07\/Logo-LED-negro-Tx-negro-HR-2048x1163.png 2048w, https:\/\/www.aemontemor.pt\/wp-content\/uploads\/2025\/07\/Logo-LED-negro-Tx-negro-HR-600x341.png 600w\" sizes=\"(max-width: 2560px) 100vw, 2560px\" \/><\/a><\/figure><div class=\"elementor-image-box-content\"><h3 class=\"elementor-image-box-title\"><a href=\"https:\/\/led.dge.medu.pt\/led-tipo-2\" target=\"_blank\">LED 2<\/a><\/h3><p class=\"elementor-image-box-description\">Listing of Type 2 Composition (LED 2) \/ LED 2 Learning Scenarios:<\/p><\/div><\/div>\t\t\t\t<\/div>\n\t\t\t\t<\/div>\n\t\t\t\t\t<\/div>\n\t\t<\/div>\n\t\t\t\t<div class=\"elementor-column elementor-col-33 elementor-top-column elementor-element elementor-element-687f0b7\" data-id=\"687f0b7\" data-element_type=\"column\" data-e-type=\"column\">\n\t\t\t<div class=\"elementor-widget-wrap elementor-element-populated\">\n\t\t\t\t\t\t<div class=\"elementor-element elementor-element-bbd196d elementor-position-top elementor-widget elementor-widget-image-box\" data-id=\"bbd196d\" data-element_type=\"widget\" data-e-type=\"widget\" data-widget_type=\"image-box.default\">\n\t\t\t\t<div class=\"elementor-widget-container\">\n\t\t\t\t\t<div class=\"elementor-image-box-wrapper\"><figure class=\"elementor-image-box-img\"><a href=\"https:\/\/led.dge.medu.pt\/area\/comum\" target=\"_blank\" tabindex=\"-1\"><img loading=\"lazy\" decoding=\"async\" width=\"1000\" height=\"667\" src=\"https:\/\/www.aemontemor.pt\/wp-content\/uploads\/2025\/07\/Equipamento.jpg\" class=\"attachment-full size-full wp-image-16421\" alt=\"\" srcset=\"https:\/\/www.aemontemor.pt\/wp-content\/uploads\/2025\/07\/Equipamento.jpg 1000w, https:\/\/www.aemontemor.pt\/wp-content\/uploads\/2025\/07\/Equipamento-300x200.jpg 300w, https:\/\/www.aemontemor.pt\/wp-content\/uploads\/2025\/07\/Equipamento-768x512.jpg 768w, https:\/\/www.aemontemor.pt\/wp-content\/uploads\/2025\/07\/Equipamento-600x400.jpg 600w\" sizes=\"(max-width: 1000px) 100vw, 1000px\" \/><\/a><\/figure><div class=\"elementor-image-box-content\"><h3 class=\"elementor-image-box-title\"><a href=\"https:\/\/led.dge.medu.pt\/area\/comum\" target=\"_blank\">Equipment<\/a><\/h3><p class=\"elementor-image-box-description\">Equipment and Components for the Common Area:<\/p><\/div><\/div>\t\t\t\t<\/div>\n\t\t\t\t<\/div>\n\t\t\t\t\t<\/div>\n\t\t<\/div>\n\t\t\t\t\t<\/div>\n\t\t<\/section>\n\t\t\t\t<section class=\"elementor-section elementor-top-section elementor-element elementor-element-13982e0 elementor-section-stretched elementor-section-boxed elementor-section-height-default elementor-section-height-default\" data-id=\"13982e0\" data-element_type=\"section\" data-e-type=\"section\" data-settings=\"{&quot;stretch_section&quot;:&quot;section-stretched&quot;}\">\n\t\t\t\t\t\t<div class=\"elementor-container elementor-column-gap-no\">\n\t\t\t\t\t<div class=\"elementor-column elementor-col-100 elementor-top-column elementor-element elementor-element-e050f45\" data-id=\"e050f45\" data-element_type=\"column\" data-e-type=\"column\">\n\t\t\t<div class=\"elementor-widget-wrap elementor-element-populated\">\n\t\t\t\t\t\t<div class=\"elementor-element elementor-element-457554b elementor-widget elementor-widget-text-editor\" data-id=\"457554b\" data-element_type=\"widget\" data-e-type=\"widget\" data-widget_type=\"text-editor.default\">\n\t\t\t\t<div class=\"elementor-widget-container\">\n\t\t\t\t\t\t\t\t\t<h3 data-start=\"945\" data-end=\"976\">Resources and Equipment<\/h3><p data-start=\"945\" data-end=\"976\">The room is equipped with:<\/p><ul data-start=\"1006\" data-end=\"1240\"><li data-start=\"1006\" data-end=\"1047\"><p data-start=\"1008\" data-end=\"1047\">Mobile devices (laptops\/tablets)<\/p><\/li><li data-start=\"1048\" data-end=\"1075\"><p data-start=\"1050\" data-end=\"1075\">Interactive digital whiteboard<\/p><\/li><li data-start=\"1076\" data-end=\"1091\"><p data-start=\"1078\" data-end=\"1091\">3D printer<\/p><\/li><li data-start=\"1092\" data-end=\"1126\"><p data-start=\"1094\" data-end=\"1126\">Virtual reality equipment<\/p><\/li><li data-start=\"1127\" data-end=\"1240\"><p data-start=\"1129\" data-end=\"1240\">Flexible furniture that allows for different layouts for individual work, group work, or work in large teams.<\/p><\/li><\/ul>\t\t\t\t\t\t\t\t<\/div>\n\t\t\t\t<\/div>\n\t\t\t\t<div class=\"elementor-element elementor-element-c7dfc28 elementor-widget elementor-widget-text-editor\" data-id=\"c7dfc28\" data-element_type=\"widget\" data-e-type=\"widget\" data-widget_type=\"text-editor.default\">\n\t\t\t\t<div class=\"elementor-widget-container\">\n\t\t\t\t\t\t\t\t\t<h3 data-start=\"1247\" data-end=\"1277\">Objectives and Purposes<\/h3><p data-start=\"1247\" data-end=\"1277\">LED.2&#039;s mission is:<\/p><ul data-start=\"1306\" data-end=\"1606\"><li data-start=\"1306\" data-end=\"1342\"><p data-start=\"1308\" data-end=\"1342\">To promote <strong data-start=\"1319\" data-end=\"1342\">pedagogical innovation<\/strong><\/p><\/li><li data-start=\"1343\" data-end=\"1395\"><p data-start=\"1345\" data-end=\"1395\">To promote <strong data-start=\"1356\" data-end=\"1376\">digital inclusion<\/strong> of all students<\/p><\/li><li data-start=\"1396\" data-end=\"1458\"><p data-start=\"1398\" data-end=\"1458\">Facilitate the implementation of <strong data-start=\"1427\" data-end=\"1458\">interdisciplinary projects<\/strong><\/p><\/li><li data-start=\"1459\" data-end=\"1519\"><p data-start=\"1461\" data-end=\"1519\">Developing essential digital skills for the 21st century.<\/p><\/li><li data-start=\"1520\" data-end=\"1606\"><p data-start=\"1522\" data-end=\"1606\">Create more learning contexts <strong data-start=\"1559\" data-end=\"1606\">engaging, collaborative and meaningful<\/strong><\/p><\/li><\/ul>\t\t\t\t\t\t\t\t<\/div>\n\t\t\t\t<\/div>\n\t\t\t\t<div class=\"elementor-element elementor-element-c42adf2 elementor-widget elementor-widget-text-editor\" data-id=\"c42adf2\" data-element_type=\"widget\" data-e-type=\"widget\" data-widget_type=\"text-editor.default\">\n\t\t\t\t<div class=\"elementor-widget-container\">\n\t\t\t\t\t\t\t\t\t<h3 data-start=\"1613\" data-end=\"1644\">Educational Use<\/h3><p data-start=\"1613\" data-end=\"1644\">The LED.2 room is available for:<\/p><ul data-start=\"1683\" data-end=\"1966\"><li data-start=\"1683\" data-end=\"1770\"><p data-start=\"1685\" data-end=\"1770\"><strong data-start=\"1685\" data-end=\"1715\">Teachers from the group<\/strong> who intend to make classes more dynamic using technology<\/p><\/li><li data-start=\"1771\" data-end=\"1817\"><p data-start=\"1773\" data-end=\"1817\"><strong data-start=\"1773\" data-end=\"1817\">Educational projects or school clubs<\/strong><\/p><\/li><li data-start=\"1818\" data-end=\"1851\"><p data-start=\"1820\" data-end=\"1851\">Training sessions and workshops<\/p><\/li><li data-start=\"1852\" data-end=\"1966\"><p data-start=\"1854\" data-end=\"1966\">Experimental or differentiated classes focusing on creativity, problem-solving, and computational thinking.<\/p><\/li><\/ul>\t\t\t\t\t\t\t\t<\/div>\n\t\t\t\t<\/div>\n\t\t\t\t<div class=\"elementor-element elementor-element-8755f99 elementor-widget elementor-widget-text-editor\" data-id=\"8755f99\" data-element_type=\"widget\" data-e-type=\"widget\" data-widget_type=\"text-editor.default\">\n\t\t\t\t<div class=\"elementor-widget-container\">\n\t\t\t\t\t\t\t\t\t<h3 data-start=\"1973\" data-end=\"2001\">Related Projects<\/h3><p data-start=\"1973\" data-end=\"2001\">The LED.2 Room has been associated with initiatives such as:<\/p><ul data-start=\"2059\" data-end=\"2217\"><li data-start=\"2059\" data-end=\"2099\"><p data-start=\"2061\" data-end=\"2099\">Digital Transition Plan in Education<\/p><\/li><li data-start=\"2100\" data-end=\"2137\"><p data-start=\"2102\" data-end=\"2137\">Programming and Robotics in the 1st Cycle<\/p><\/li><li data-start=\"2138\" data-end=\"2172\"><p data-start=\"2140\" data-end=\"2172\">Digital Creativity Workshops<\/p><\/li><li data-start=\"2173\" data-end=\"2217\"><p data-start=\"2175\" data-end=\"2217\">Erasmus+ projects with a technological focus<\/p><\/li><\/ul>\t\t\t\t\t\t\t\t<\/div>\n\t\t\t\t<\/div>\n\t\t\t\t\t<\/div>\n\t\t<\/div>\n\t\t\t\t\t<\/div>\n\t\t<\/section>\n\t\t\t\t<section class=\"elementor-section elementor-top-section elementor-element elementor-element-01d03e6 elementor-section-stretched elementor-section-boxed elementor-section-height-default elementor-section-height-default\" data-id=\"01d03e6\" data-element_type=\"section\" data-e-type=\"section\" data-settings=\"{&quot;stretch_section&quot;:&quot;section-stretched&quot;}\">\n\t\t\t\t\t\t<div class=\"elementor-container elementor-column-gap-no\">\n\t\t\t\t\t<div class=\"elementor-column elementor-col-100 elementor-top-column elementor-element elementor-element-c091e5a\" data-id=\"c091e5a\" data-element_type=\"column\" data-e-type=\"column\">\n\t\t\t<div class=\"elementor-widget-wrap elementor-element-populated\">\n\t\t\t\t\t\t<div class=\"elementor-element elementor-element-0fadbbc elementor-widget elementor-widget-text-editor\" data-id=\"0fadbbc\" data-element_type=\"widget\" data-e-type=\"widget\" data-widget_type=\"text-editor.default\">\n\t\t\t\t<div class=\"elementor-widget-container\">\n\t\t\t\t\t\t\t\t\t<h3><strong>Our Tutorials and Educational Experiences<\/strong><\/h3>\t\t\t\t\t\t\t\t<\/div>\n\t\t\t\t<\/div>\n\t\t\t\t<div class=\"elementor-element elementor-element-5c1168f elementor-widget elementor-widget-spacer\" data-id=\"5c1168f\" data-element_type=\"widget\" data-e-type=\"widget\" data-widget_type=\"spacer.default\">\n\t\t\t\t<div class=\"elementor-widget-container\">\n\t\t\t\t\t\t\t<div class=\"elementor-spacer\">\n\t\t\t<div class=\"elementor-spacer-inner\"><\/div>\n\t\t<\/div>\n\t\t\t\t\t\t<\/div>\n\t\t\t\t<\/div>\n\t\t\t\t<div class=\"elementor-element elementor-element-ad4d595 elementor-widget thim-widget-button\" data-id=\"ad4d595\" data-element_type=\"widget\" data-e-type=\"widget\" data-widget_type=\"thim-button.default\">\n\t\t\t\t<div class=\"elementor-widget-container\">\n\t\t\t\t\t<a class=\"widget-button medium\" href=\"https:\/\/www.youtube.com\/playlist?list=PLOdw5hqPDUeydpM7ALgQRF8KtIxpSgSJ7\" target=\"_blank\">Access the Content<\/a>\t\t\t\t<\/div>\n\t\t\t\t<\/div>\n\t\t\t\t\t<\/div>\n\t\t<\/div>\n\t\t\t\t\t<\/div>\n\t\t<\/section>\n\t\t\t\t<section class=\"elementor-section elementor-top-section elementor-element elementor-element-61b19dc elementor-section-stretched elementor-section-boxed elementor-section-height-default elementor-section-height-default\" data-id=\"61b19dc\" data-element_type=\"section\" data-e-type=\"section\" data-settings=\"{&quot;stretch_section&quot;:&quot;section-stretched&quot;}\">\n\t\t\t\t\t\t<div class=\"elementor-container elementor-column-gap-no\">\n\t\t\t\t\t<div class=\"elementor-column elementor-col-100 elementor-top-column elementor-element elementor-element-ea8dc14\" data-id=\"ea8dc14\" data-element_type=\"column\" data-e-type=\"column\">\n\t\t\t<div class=\"elementor-widget-wrap elementor-element-populated\">\n\t\t\t\t\t\t<div class=\"elementor-element elementor-element-7ee7760 elementor-widget elementor-widget-text-editor\" data-id=\"7ee7760\" data-element_type=\"widget\" data-e-type=\"widget\" data-widget_type=\"text-editor.default\">\n\t\t\t\t<div class=\"elementor-widget-container\">\n\t\t\t\t\t\t\t\t\t<h3><strong>Inauguration of the LED Room in Montemor-o-Velho<\/strong><\/h3>\t\t\t\t\t\t\t\t<\/div>\n\t\t\t\t<\/div>\n\t\t\t\t<div class=\"elementor-element elementor-element-edbde1c elementor-widget elementor-widget-spacer\" data-id=\"edbde1c\" data-element_type=\"widget\" data-e-type=\"widget\" data-widget_type=\"spacer.default\">\n\t\t\t\t<div class=\"elementor-widget-container\">\n\t\t\t\t\t\t\t<div class=\"elementor-spacer\">\n\t\t\t<div class=\"elementor-spacer-inner\"><\/div>\n\t\t<\/div>\n\t\t\t\t\t\t<\/div>\n\t\t\t\t<\/div>\n\t\t\t\t<div class=\"elementor-element elementor-element-a12de8c elementor-widget elementor-widget-thim-video\" data-id=\"a12de8c\" data-element_type=\"widget\" data-e-type=\"widget\" data-widget_type=\"thim-video.default\">\n\t\t\t\t<div class=\"elementor-widget-container\">\n\t\t\t\t\t<div class=\"thim-video-box\">\n\t<div class=\"video-container\">\n\t\t<div class=\"video\"><iframe id=\"thim-video\" width=\"100%\" height=\"100%\" src=\"https:\/\/www.youtube.com\/embed\/Jt1zXH3rOmY\" allowfullscreen style=\"border: 0;\"><\/iframe><\/div>\t<\/div>\n<\/div>\n\t\t\t\t<\/div>\n\t\t\t\t<\/div>\n\t\t\t\t\t<\/div>\n\t\t<\/div>\n\t\t\t\t\t<\/div>\n\t\t<\/section>\n\t\t\t\t<section class=\"elementor-section elementor-top-section elementor-element elementor-element-c11f00f elementor-section-stretched elementor-section-boxed elementor-section-height-default elementor-section-height-default\" data-id=\"c11f00f\" data-element_type=\"section\" data-e-type=\"section\" data-settings=\"{&quot;stretch_section&quot;:&quot;section-stretched&quot;}\">\n\t\t\t\t\t\t<div class=\"elementor-container elementor-column-gap-no\">\n\t\t\t\t\t<div class=\"elementor-column elementor-col-100 elementor-top-column elementor-element elementor-element-429ddef\" data-id=\"429ddef\" data-element_type=\"column\" data-e-type=\"column\">\n\t\t\t<div class=\"elementor-widget-wrap elementor-element-populated\">\n\t\t\t\t\t\t<div class=\"elementor-element elementor-element-1eab155 elementor-widget elementor-widget-image\" data-id=\"1eab155\" data-element_type=\"widget\" data-e-type=\"widget\" data-widget_type=\"image.default\">\n\t\t\t\t<div class=\"elementor-widget-container\">\n\t\t\t\t\t\t\t\t\t\t\t\t\t\t\t<img loading=\"lazy\" decoding=\"async\" width=\"640\" height=\"93\" src=\"https:\/\/www.aemontemor.pt\/wp-content\/uploads\/2025\/07\/BARRA_LOGOS-03-768x111.png\" class=\"attachment-medium_large size-medium_large wp-image-16449\" alt=\"\" srcset=\"https:\/\/www.aemontemor.pt\/wp-content\/uploads\/2025\/07\/BARRA_LOGOS-03-768x111.png 768w, https:\/\/www.aemontemor.pt\/wp-content\/uploads\/2025\/07\/BARRA_LOGOS-03-300x43.png 300w, https:\/\/www.aemontemor.pt\/wp-content\/uploads\/2025\/07\/BARRA_LOGOS-03-1024x148.png 1024w, https:\/\/www.aemontemor.pt\/wp-content\/uploads\/2025\/07\/BARRA_LOGOS-03-1536x222.png 1536w, https:\/\/www.aemontemor.pt\/wp-content\/uploads\/2025\/07\/BARRA_LOGOS-03-2048x296.png 2048w, https:\/\/www.aemontemor.pt\/wp-content\/uploads\/2025\/07\/BARRA_LOGOS-03-600x87.png 600w\" sizes=\"(max-width: 640px) 100vw, 640px\" \/>\t\t\t\t\t\t\t\t\t\t\t\t\t\t\t<\/div>\n\t\t\t\t<\/div>\n\t\t\t\t<div class=\"elementor-element elementor-element-a561505 elementor-widget elementor-widget-image\" data-id=\"a561505\" data-element_type=\"widget\" data-e-type=\"widget\" data-widget_type=\"image.default\">\n\t\t\t\t<div class=\"elementor-widget-container\">\n\t\t\t\t\t\t\t\t\t\t\t\t\t\t\t<img loading=\"lazy\" decoding=\"async\" width=\"300\" height=\"37\" src=\"https:\/\/www.aemontemor.pt\/wp-content\/uploads\/2025\/07\/ME_logo2024_horizontal_DGE-300x37.png\" class=\"attachment-medium size-medium wp-image-16448\" alt=\"\" srcset=\"https:\/\/www.aemontemor.pt\/wp-content\/uploads\/2025\/07\/ME_logo2024_horizontal_DGE-300x37.png 300w, https:\/\/www.aemontemor.pt\/wp-content\/uploads\/2025\/07\/ME_logo2024_horizontal_DGE-1024x128.png 1024w, https:\/\/www.aemontemor.pt\/wp-content\/uploads\/2025\/07\/ME_logo2024_horizontal_DGE-768x96.png 768w, https:\/\/www.aemontemor.pt\/wp-content\/uploads\/2025\/07\/ME_logo2024_horizontal_DGE-1536x191.png 1536w, https:\/\/www.aemontemor.pt\/wp-content\/uploads\/2025\/07\/ME_logo2024_horizontal_DGE-2048x255.png 2048w, https:\/\/www.aemontemor.pt\/wp-content\/uploads\/2025\/07\/ME_logo2024_horizontal_DGE-600x75.png 600w\" sizes=\"(max-width: 300px) 100vw, 300px\" \/>\t\t\t\t\t\t\t\t\t\t\t\t\t\t\t<\/div>\n\t\t\t\t<\/div>\n\t\t\t\t\t<\/div>\n\t\t<\/div>\n\t\t\t\t\t<\/div>\n\t\t<\/section>\n\t\t\t\t<\/div>","protected":false},"excerpt":{"rendered":"<p>A Sala LED.2 do Agrupamento de Escolas de Montemor-o-Velho \u00e9 um espa\u00e7o inovador criado no \u00e2mbito dos Laborat\u00f3rios de Educa\u00e7\u00e3o Digital (LED), com o objetivo de transformar as pr\u00e1ticas pedag\u00f3gicas atrav\u00e9s da integra\u00e7\u00e3o de tecnologias digitais. Aqui, professores e alunos &hellip; <\/p>","protected":false},"author":1,"featured_media":0,"parent":0,"menu_order":0,"comment_status":"closed","ping_status":"closed","template":"","meta":{"rs_blank_template":"","rs_page_bg_color":"","slide_template_v7":"","footnotes":""},"class_list":["post-16394","page","type-page","status-publish","hentry"],"_links":{"self":[{"href":"https:\/\/www.aemontemor.pt\/en\/wp-json\/wp\/v2\/pages\/16394","targetHints":{"allow":["GET"]}}],"collection":[{"href":"https:\/\/www.aemontemor.pt\/en\/wp-json\/wp\/v2\/pages"}],"about":[{"href":"https:\/\/www.aemontemor.pt\/en\/wp-json\/wp\/v2\/types\/page"}],"author":[{"embeddable":true,"href":"https:\/\/www.aemontemor.pt\/en\/wp-json\/wp\/v2\/users\/1"}],"replies":[{"embeddable":true,"href":"https:\/\/www.aemontemor.pt\/en\/wp-json\/wp\/v2\/comments?post=16394"}],"version-history":[{"count":49,"href":"https:\/\/www.aemontemor.pt\/en\/wp-json\/wp\/v2\/pages\/16394\/revisions"}],"predecessor-version":[{"id":16636,"href":"https:\/\/www.aemontemor.pt\/en\/wp-json\/wp\/v2\/pages\/16394\/revisions\/16636"}],"wp:attachment":[{"href":"https:\/\/www.aemontemor.pt\/en\/wp-json\/wp\/v2\/media?parent=16394"}],"curies":[{"name":"wp","href":"https:\/\/api.w.org\/{rel}","templated":true}]}}