{"id":16455,"date":"2025-07-19T21:17:54","date_gmt":"2025-07-19T21:17:54","guid":{"rendered":"http:\/\/www.aemontemor.pt\/?page_id=16455"},"modified":"2025-07-19T21:32:24","modified_gmt":"2025-07-19T21:32:24","slug":"eco-escolas","status":"publish","type":"page","link":"https:\/\/www.aemontemor.pt\/en\/eco-escolas\/","title":{"rendered":"Eco-Schools"},"content":{"rendered":"<div data-elementor-type=\"wp-page\" data-elementor-id=\"16455\" class=\"elementor elementor-16455\">\n\t\t\t\t\t\t<section class=\"elementor-section elementor-top-section elementor-element elementor-element-96a67c3 elementor-section-stretched elementor-section-boxed elementor-section-height-default elementor-section-height-default\" data-id=\"96a67c3\" data-element_type=\"section\" data-e-type=\"section\" data-settings=\"{&quot;stretch_section&quot;:&quot;section-stretched&quot;}\">\n\t\t\t\t\t\t<div class=\"elementor-container elementor-column-gap-no\">\n\t\t\t\t\t<div class=\"elementor-column elementor-col-50 elementor-top-column elementor-element elementor-element-a6ecce2\" data-id=\"a6ecce2\" data-element_type=\"column\" data-e-type=\"column\">\n\t\t\t<div class=\"elementor-widget-wrap elementor-element-populated\">\n\t\t\t\t\t\t<div class=\"elementor-element elementor-element-b000238 elementor-widget elementor-widget-spacer\" data-id=\"b000238\" data-element_type=\"widget\" data-e-type=\"widget\" data-widget_type=\"spacer.default\">\n\t\t\t\t<div class=\"elementor-widget-container\">\n\t\t\t\t\t\t\t<div class=\"elementor-spacer\">\n\t\t\t<div class=\"elementor-spacer-inner\"><\/div>\n\t\t<\/div>\n\t\t\t\t\t\t<\/div>\n\t\t\t\t<\/div>\n\t\t\t\t<div class=\"elementor-element elementor-element-87149e7 elementor-widget elementor-widget-text-editor\" data-id=\"87149e7\" data-element_type=\"widget\" data-e-type=\"widget\" data-widget_type=\"text-editor.default\">\n\t\t\t\t<div class=\"elementor-widget-container\">\n\t\t\t\t\t\t\t\t\t<h2 data-start=\"366\" data-end=\"393\">Eco-Schools Project<\/h2><h3 data-start=\"394\" data-end=\"443\">Environmental Education for a Sustainable Future<\/h3><p data-start=\"445\" data-end=\"724\">O <strong data-start=\"447\" data-end=\"462\">Eco-Schools<\/strong> It is an international environmental education program that promotes sustainable behaviors in the daily life of schools. It involves students, teachers, staff, parents, and the local community in building a more responsible and ecological future.<\/p><p data-start=\"726\" data-end=\"947\">O <strong data-start=\"728\" data-end=\"774\">Montemor-o-Velho School Group<\/strong> She actively participates in this project, developing initiatives that involve the entire school community in preserving the environment and promoting good sustainable practices.<\/p><p data-start=\"2179\" data-end=\"2419\">\u00a0<\/p>\t\t\t\t\t\t\t\t<\/div>\n\t\t\t\t<\/div>\n\t\t\t\t\t<\/div>\n\t\t<\/div>\n\t\t\t\t<div class=\"elementor-column elementor-col-50 elementor-top-column elementor-element elementor-element-c951af6\" data-id=\"c951af6\" data-element_type=\"column\" data-e-type=\"column\">\n\t\t\t<div class=\"elementor-widget-wrap elementor-element-populated\">\n\t\t\t\t\t\t<div class=\"elementor-element elementor-element-78318ae elementor-widget elementor-widget-image\" data-id=\"78318ae\" data-element_type=\"widget\" data-e-type=\"widget\" data-widget_type=\"image.default\">\n\t\t\t\t<div class=\"elementor-widget-container\">\n\t\t\t\t\t\t\t\t\t\t\t\t\t\t\t<img fetchpriority=\"high\" decoding=\"async\" width=\"400\" height=\"300\" src=\"https:\/\/www.aemontemor.pt\/wp-content\/uploads\/2025\/07\/bandeira-eco-escolas-905x613-1-400x300.jpg\" class=\"attachment-course_thumbnail size-course_thumbnail wp-image-16460\" alt=\"\" \/>\t\t\t\t\t\t\t\t\t\t\t\t\t\t\t<\/div>\n\t\t\t\t<\/div>\n\t\t\t\t\t<\/div>\n\t\t<\/div>\n\t\t\t\t\t<\/div>\n\t\t<\/section>\n\t\t\t\t<section class=\"elementor-section elementor-top-section elementor-element elementor-element-11d77694 elementor-section-stretched elementor-section-boxed elementor-section-height-default elementor-section-height-default\" data-id=\"11d77694\" data-element_type=\"section\" data-e-type=\"section\" data-settings=\"{&quot;stretch_section&quot;:&quot;section-stretched&quot;}\">\n\t\t\t\t\t\t<div class=\"elementor-container elementor-column-gap-no\">\n\t\t\t\t\t<div class=\"elementor-column elementor-col-100 elementor-top-column elementor-element elementor-element-30c45465\" data-id=\"30c45465\" data-element_type=\"column\" data-e-type=\"column\">\n\t\t\t<div class=\"elementor-widget-wrap elementor-element-populated\">\n\t\t\t\t\t\t<div class=\"elementor-element elementor-element-5dcb25f elementor-widget elementor-widget-text-editor\" data-id=\"5dcb25f\" data-element_type=\"widget\" data-e-type=\"widget\" data-widget_type=\"text-editor.default\">\n\t\t\t\t<div class=\"elementor-widget-container\">\n\t\t\t\t\t\t\t\t\t<h2 data-start=\"954\" data-end=\"980\">Project Objectives<\/h2><ul data-start=\"981\" data-end=\"1277\"><li data-start=\"981\" data-end=\"1030\"><p data-start=\"983\" data-end=\"1030\">To raise awareness of <strong data-start=\"1003\" data-end=\"1030\">environmental preservation<\/strong><\/p><\/li><li data-start=\"1031\" data-end=\"1096\"><p data-start=\"1033\" data-end=\"1096\">To promote <strong data-start=\"1044\" data-end=\"1063\">active citizenship<\/strong> and the <strong data-start=\"1068\" data-end=\"1096\">community involvement<\/strong><\/p><\/li><li data-start=\"1097\" data-end=\"1151\"><p data-start=\"1099\" data-end=\"1151\">Integrating sustainability into <strong data-start=\"1130\" data-end=\"1151\">school curriculum<\/strong><\/p><\/li><li data-start=\"1152\" data-end=\"1220\"><p data-start=\"1154\" data-end=\"1220\">Develop skills for <strong data-start=\"1186\" data-end=\"1220\">conscious decision-making<\/strong><\/p><\/li><li data-start=\"1221\" data-end=\"1277\"><p data-start=\"1223\" data-end=\"1277\">Encourage <strong data-start=\"1235\" data-end=\"1267\">reducing environmental impact<\/strong> from school<\/p><\/li><\/ul><h2 data-start=\"1284\" data-end=\"1307\">How We Participate<\/h2><p data-start=\"1308\" data-end=\"1400\">Our school group develops several activities throughout the school year as part of the Eco-Schools program:<\/p><ul data-start=\"1402\" data-end=\"1708\"><li data-start=\"1402\" data-end=\"1442\"><p data-start=\"1404\" data-end=\"1442\">Recycling and reuse campaigns<\/p><\/li><li data-start=\"1443\" data-end=\"1475\"><p data-start=\"1445\" data-end=\"1475\">School gardens and composting<\/p><\/li><li data-start=\"1476\" data-end=\"1518\"><p data-start=\"1478\" data-end=\"1518\">Waste collection and selective separation<\/p><\/li><li data-start=\"1519\" data-end=\"1563\"><p data-start=\"1521\" data-end=\"1563\">Actions for cleaning and preserving nature.<\/p><\/li><li data-start=\"1564\" data-end=\"1612\"><p data-start=\"1566\" data-end=\"1612\">Creative projects using reusable materials<\/p><\/li><li data-start=\"1613\" data-end=\"1708\"><p data-start=\"1615\" data-end=\"1708\">Celebration of themed days: Tree Day, Earth Day, Mobility Week, among others.<\/p><\/li><\/ul><h2 data-start=\"1715\" data-end=\"1744\">Green Flag Award<\/h2><p data-start=\"1746\" data-end=\"1999\">Our regular participation has been recognized with the <strong data-start=\"1802\" data-end=\"1834\">awarding of the Green Flag<\/strong>, This award symbolizes a school committed to building a more sustainable world. It represents the collective effort of everyone who is part of the school group.<\/p><h2 data-start=\"2149\" data-end=\"2177\">Partnerships and Community<\/h2><p data-start=\"2179\" data-end=\"2419\">The Eco-Schools project relies on the collaboration of various local and national entities, reinforcing the role of the school as an agent of change in the territory. The active participation of our students is fundamental to the success of these initiatives.<\/p><p data-start=\"2179\" data-end=\"2419\">\u00a0<\/p>\t\t\t\t\t\t\t\t<\/div>\n\t\t\t\t<\/div>\n\t\t\t\t\t<\/div>\n\t\t<\/div>\n\t\t\t\t\t<\/div>\n\t\t<\/section>\n\t\t\t\t<section class=\"elementor-section elementor-top-section elementor-element elementor-element-c11f00f elementor-section-stretched elementor-section-boxed elementor-section-height-default elementor-section-height-default\" data-id=\"c11f00f\" data-element_type=\"section\" data-e-type=\"section\" data-settings=\"{&quot;stretch_section&quot;:&quot;section-stretched&quot;}\">\n\t\t\t\t\t\t<div class=\"elementor-container elementor-column-gap-no\">\n\t\t\t\t\t<div class=\"elementor-column elementor-col-100 elementor-top-column elementor-element elementor-element-429ddef\" data-id=\"429ddef\" data-element_type=\"column\" data-e-type=\"column\">\n\t\t\t<div class=\"elementor-widget-wrap elementor-element-populated\">\n\t\t\t\t\t\t<div class=\"elementor-element elementor-element-23277b5 elementor-widget elementor-widget-text-editor\" data-id=\"23277b5\" data-element_type=\"widget\" data-e-type=\"widget\" data-widget_type=\"text-editor.default\">\n\t\t\t\t<div class=\"elementor-widget-container\">\n\t\t\t\t\t\t\t\t\t<h3>Do you want to know more about the program?<\/h3>\t\t\t\t\t\t\t\t<\/div>\n\t\t\t\t<\/div>\n\t\t\t\t<div class=\"elementor-element elementor-element-4d6c806 elementor-widget elementor-widget-spacer\" data-id=\"4d6c806\" data-element_type=\"widget\" data-e-type=\"widget\" data-widget_type=\"spacer.default\">\n\t\t\t\t<div class=\"elementor-widget-container\">\n\t\t\t\t\t\t\t<div class=\"elementor-spacer\">\n\t\t\t<div class=\"elementor-spacer-inner\"><\/div>\n\t\t<\/div>\n\t\t\t\t\t\t<\/div>\n\t\t\t\t<\/div>\n\t\t\t\t<div class=\"elementor-element elementor-element-ff58870 elementor-widget thim-widget-button\" data-id=\"ff58870\" data-element_type=\"widget\" data-e-type=\"widget\" data-widget_type=\"thim-button.default\">\n\t\t\t\t<div class=\"elementor-widget-container\">\n\t\t\t\t\t<a class=\"widget-button medium\" href=\"https:\/\/ecoescolas.abae.pt\" target=\"_blank\">Official Eco Schools Website<\/a>\t\t\t\t<\/div>\n\t\t\t\t<\/div>\n\t\t\t\t\t<\/div>\n\t\t<\/div>\n\t\t\t\t\t<\/div>\n\t\t<\/section>\n\t\t\t\t<\/div>","protected":false},"excerpt":{"rendered":"<p>Projeto Eco-Escolas Educa\u00e7\u00e3o Ambiental para um Futuro Sustent\u00e1vel O Eco-Escolas \u00e9 um programa internacional de educa\u00e7\u00e3o ambiental que promove comportamentos sustent\u00e1veis no dia a dia das escolas. Envolve alunos, professores, funcion\u00e1rios, encarregados de educa\u00e7\u00e3o e a comunidade local na constru\u00e7\u00e3o &hellip; <\/p>","protected":false},"author":1,"featured_media":0,"parent":0,"menu_order":0,"comment_status":"closed","ping_status":"closed","template":"","meta":{"rs_blank_template":"","rs_page_bg_color":"","slide_template_v7":"","footnotes":""},"class_list":["post-16455","page","type-page","status-publish","hentry"],"_links":{"self":[{"href":"https:\/\/www.aemontemor.pt\/en\/wp-json\/wp\/v2\/pages\/16455","targetHints":{"allow":["GET"]}}],"collection":[{"href":"https:\/\/www.aemontemor.pt\/en\/wp-json\/wp\/v2\/pages"}],"about":[{"href":"https:\/\/www.aemontemor.pt\/en\/wp-json\/wp\/v2\/types\/page"}],"author":[{"embeddable":true,"href":"https:\/\/www.aemontemor.pt\/en\/wp-json\/wp\/v2\/users\/1"}],"replies":[{"embeddable":true,"href":"https:\/\/www.aemontemor.pt\/en\/wp-json\/wp\/v2\/comments?post=16455"}],"version-history":[{"count":10,"href":"https:\/\/www.aemontemor.pt\/en\/wp-json\/wp\/v2\/pages\/16455\/revisions"}],"predecessor-version":[{"id":16466,"href":"https:\/\/www.aemontemor.pt\/en\/wp-json\/wp\/v2\/pages\/16455\/revisions\/16466"}],"wp:attachment":[{"href":"https:\/\/www.aemontemor.pt\/en\/wp-json\/wp\/v2\/media?parent=16455"}],"curies":[{"name":"wp","href":"https:\/\/api.w.org\/{rel}","templated":true}]}}